{"id":6641,"date":"2025-08-20T14:01:26","date_gmt":"2025-08-20T11:01:26","guid":{"rendered":"https:\/\/sibihats.com\/?post_type=product&#038;p=6641"},"modified":"2025-08-20T21:26:48","modified_gmt":"2025-08-20T18:26:48","slug":"masha-red-silk-bandana","status":"publish","type":"product","link":"https:\/\/sibihats.com\/tr\/product\/masha-red-silk-bandana\/","title":{"rendered":"MASHA - K\u0131rm\u0131z\u0131 \u0130pek Bandana"},"content":{"rendered":"<ul>\n<li><em>Delivery time 2-6 days.<\/em><\/li>\n<li><em>Handmade in Turkey.<\/em><\/li>\n<li><em>100% Double-sided Silk.<\/em><\/li>\n<li><em>Hand-wash\/Dry Cleaning.<\/em><\/li>\n<li><em>For special inquiries please <a href=\"https:\/\/sibihats.com\/tr\/iletisim\/?v=ea5ee3073194\">Bize ula\u015f\u0131n.<\/a><\/em><\/li>\n<\/ul>","protected":false},"excerpt":{"rendered":"<p>Our Masha is not lost in the forest. She commands the path. A modern fairytale told in silk and shade, her hood transforms into a scarlet bandana. Paired with a strapless silhouette, it becomes a tale where softness meets strength, and every fold whispers power. This is not a girl waiting to be found &#8211; it\u2019s a woman rewriting the story.<\/p>","protected":false},"featured_media":6647,"template":"","meta":[],"product_brand":[],"product_cat":[382,354],"product_tag":[],"class_list":{"0":"post-6641","1":"product","2":"type-product","3":"status-publish","4":"has-post-thumbnail","6":"product_cat-new","7":"product_cat-bandanas","9":"first","10":"instock","11":"purchasable","12":"product-type-simple"},"jetpack_sharing_enabled":true,"_links":{"self":[{"href":"https:\/\/sibihats.com\/tr\/wp-json\/wp\/v2\/product\/6641","targetHints":{"allow":["GET"]}}],"collection":[{"href":"https:\/\/sibihats.com\/tr\/wp-json\/wp\/v2\/product"}],"about":[{"href":"https:\/\/sibihats.com\/tr\/wp-json\/wp\/v2\/types\/product"}],"wp:featuredmedia":[{"embeddable":true,"href":"https:\/\/sibihats.com\/tr\/wp-json\/wp\/v2\/media\/6647"}],"wp:attachment":[{"href":"https:\/\/sibihats.com\/tr\/wp-json\/wp\/v2\/media?parent=6641"}],"wp:term":[{"taxonomy":"product_brand","embeddable":true,"href":"https:\/\/sibihats.com\/tr\/wp-json\/wp\/v2\/product_brand?post=6641"},{"taxonomy":"product_cat","embeddable":true,"href":"https:\/\/sibihats.com\/tr\/wp-json\/wp\/v2\/product_cat?post=6641"},{"taxonomy":"product_tag","embeddable":true,"href":"https:\/\/sibihats.com\/tr\/wp-json\/wp\/v2\/product_tag?post=6641"}],"curies":[{"name":"wp","href":"https:\/\/api.w.org\/{rel}","templated":true}]}}