{"id":6623,"date":"2025-08-19T16:12:02","date_gmt":"2025-08-19T13:12:02","guid":{"rendered":"https:\/\/sibihats.com\/?post_type=product&#038;p=6623"},"modified":"2025-08-20T21:35:13","modified_gmt":"2025-08-20T18:35:13","slug":"jacqueline-pearl-embellished-beret-hat-grey","status":"publish","type":"product","link":"https:\/\/sibihats.com\/tr\/product\/jacqueline-pearl-embellished-beret-hat-grey\/","title":{"rendered":"JACQUELINE &#8211; Pearl Embellished Beret Hat"},"content":{"rendered":"<p><em>- Teslimat s\u00fcresi 2-6 g\u00fcn.<\/em><br \/>\n<em>- Tamamen El Yap\u0131m\u0131. <\/em><em>\u2022 Dry Cleaning Only!<br \/>\n\u2022 Size adjustable ribbon for perfect fit.\u00a0<\/em><br \/>\n<em>- \u00d6zel sorular\u0131n\u0131z i\u00e7in l\u00fctfen <a href=\"https:\/\/sibihats.com\/tr\/iletisim\/?v=ea5ee3073194\">Bize ula\u015f\u0131n.<\/a><\/em><\/p>","protected":false},"excerpt":{"rendered":"<p>Anyone who considers themselves &#8216;not a hat person&#8217; will understand the power of this hat. A unique couture beret which has a strong addition to transform you into a true high-class fashion icon. It can complete any outfit perfectly. Limited edition.<\/p>","protected":false},"featured_media":6631,"template":"","meta":[],"product_brand":[],"product_cat":[382,353,350],"product_tag":[],"class_list":{"0":"post-6623","1":"product","2":"type-product","3":"status-publish","4":"has-post-thumbnail","6":"product_cat-new","7":"product_cat-resort","8":"product_cat-sale","10":"first","11":"instock","12":"sale","13":"purchasable","14":"product-type-variable"},"jetpack_sharing_enabled":true,"_links":{"self":[{"href":"https:\/\/sibihats.com\/tr\/wp-json\/wp\/v2\/product\/6623","targetHints":{"allow":["GET"]}}],"collection":[{"href":"https:\/\/sibihats.com\/tr\/wp-json\/wp\/v2\/product"}],"about":[{"href":"https:\/\/sibihats.com\/tr\/wp-json\/wp\/v2\/types\/product"}],"wp:featuredmedia":[{"embeddable":true,"href":"https:\/\/sibihats.com\/tr\/wp-json\/wp\/v2\/media\/6631"}],"wp:attachment":[{"href":"https:\/\/sibihats.com\/tr\/wp-json\/wp\/v2\/media?parent=6623"}],"wp:term":[{"taxonomy":"product_brand","embeddable":true,"href":"https:\/\/sibihats.com\/tr\/wp-json\/wp\/v2\/product_brand?post=6623"},{"taxonomy":"product_cat","embeddable":true,"href":"https:\/\/sibihats.com\/tr\/wp-json\/wp\/v2\/product_cat?post=6623"},{"taxonomy":"product_tag","embeddable":true,"href":"https:\/\/sibihats.com\/tr\/wp-json\/wp\/v2\/product_tag?post=6623"}],"curies":[{"name":"wp","href":"https:\/\/api.w.org\/{rel}","templated":true}]}}