{"id":6570,"date":"2025-08-15T17:50:17","date_gmt":"2025-08-15T14:50:17","guid":{"rendered":"https:\/\/sibihats.com\/?post_type=product&#038;p=6570"},"modified":"2026-04-23T17:48:07","modified_gmt":"2026-04-23T14:48:07","slug":"linda-where-straw-meets-whispers-of-tulle-and-summer-turns-into-a-love-story","status":"publish","type":"product","link":"https:\/\/sibihats.com\/tr\/product\/linda-where-straw-meets-whispers-of-tulle-and-summer-turns-into-a-love-story\/","title":{"rendered":"LINDA - Y\u0131pranm\u0131\u015f Rafya Has\u0131r \u015eapka"},"content":{"rendered":"<ul>\n<li><em>Delivery time 2-9 days.<\/em><\/li>\n<li><em>Adjustable Size Ribbon for Perfect Fit.<\/em><\/li>\n<li><em>Fully Handmade.<\/em><\/li>\n<li><em>Limited Edition.<\/em><\/li>\n<li><em>Store in its Box, Filled with Paper.<\/em><\/li>\n<li><em>Comes in a signature SIBI hatbox.<\/em><\/li>\n<li><em>For special inquiries please <a href=\"https:\/\/sibihats.com\/tr\/iletisim\/?v=ea5ee3073194\">Bize ula\u015f\u0131n.<\/a><\/em><\/li>\n<\/ul>","protected":false},"excerpt":{"rendered":"<p>Linda \u2013 A love letter to summer romance. Crafted from natural straw with a hand-frayed brim, this boater blooms with charm thanks to its delicate tulle band scattered with tiny black flowers. Feminine yet free-spirited, Linda is the hat for seaside strolls, garden parties, and every moment you want to feel unforgettable.<\/p>","protected":false},"featured_media":6580,"template":"","meta":[],"product_brand":[],"product_cat":[327],"product_tag":[],"class_list":{"0":"post-6570","1":"product","2":"type-product","3":"status-publish","4":"has-post-thumbnail","6":"product_cat-straw-hats","8":"first","9":"instock","10":"purchasable","11":"product-type-variable"},"jetpack_sharing_enabled":true,"_links":{"self":[{"href":"https:\/\/sibihats.com\/tr\/wp-json\/wp\/v2\/product\/6570","targetHints":{"allow":["GET"]}}],"collection":[{"href":"https:\/\/sibihats.com\/tr\/wp-json\/wp\/v2\/product"}],"about":[{"href":"https:\/\/sibihats.com\/tr\/wp-json\/wp\/v2\/types\/product"}],"wp:featuredmedia":[{"embeddable":true,"href":"https:\/\/sibihats.com\/tr\/wp-json\/wp\/v2\/media\/6580"}],"wp:attachment":[{"href":"https:\/\/sibihats.com\/tr\/wp-json\/wp\/v2\/media?parent=6570"}],"wp:term":[{"taxonomy":"product_brand","embeddable":true,"href":"https:\/\/sibihats.com\/tr\/wp-json\/wp\/v2\/product_brand?post=6570"},{"taxonomy":"product_cat","embeddable":true,"href":"https:\/\/sibihats.com\/tr\/wp-json\/wp\/v2\/product_cat?post=6570"},{"taxonomy":"product_tag","embeddable":true,"href":"https:\/\/sibihats.com\/tr\/wp-json\/wp\/v2\/product_tag?post=6570"}],"curies":[{"name":"wp","href":"https:\/\/api.w.org\/{rel}","templated":true}]}}