{"id":6538,"date":"2025-08-09T21:20:14","date_gmt":"2025-08-09T18:20:14","guid":{"rendered":"https:\/\/sibihats.com\/?post_type=product&#038;p=6538"},"modified":"2026-04-23T17:50:13","modified_gmt":"2026-04-23T14:50:13","slug":"la-riviera-frayed-raffia-straw-hat","status":"publish","type":"product","link":"https:\/\/sibihats.com\/tr\/product\/la-riviera-frayed-raffia-straw-hat\/","title":{"rendered":"LA RIVIERA - Y\u0131pranm\u0131\u015f Rafya Has\u0131r \u015eapka"},"content":{"rendered":"<ul>\n<li><em>Delivery time 2-9 days.<\/em><\/li>\n<li><em>Raffia Straw.<\/em><\/li>\n<li><em>Fully Handmade.<\/em><\/li>\n<li><em>Limited Edition.<\/em><\/li>\n<li><em>Adjustable Size Ribbon for Perfect Fit.<\/em><\/li>\n<li><em>Comes in a signature SIBI hatbox.<\/em><\/li>\n<li><em>For special inquiries please <a href=\"https:\/\/sibihats.com\/tr\/iletisim\/?v=ea5ee3073194\">Bize ula\u015f\u0131n.<\/a><\/em><\/li>\n<\/ul>","protected":false},"excerpt":{"rendered":"<p data-start=\"82\" data-end=\"386\"><em data-start=\"166\" data-end=\"178\">La Riviera<\/em> captures the effortless glamour of the C\u00f4te d\u2019Azur &#8211; sunlit afternoons, the shimmer of the Mediterranean, and the timeless style of jet-set summers. Designed for women who carry the spirit of endless summer wherever they go. From yacht decks to seaside caf\u00e9s, <em data-start=\"523\" data-end=\"535\">La Riviera<\/em> is more than a hat &#8211; it\u2019s a passport to a world of sun, style, and sophistication.<\/p>","protected":false},"featured_media":6539,"template":"","meta":[],"product_brand":[],"product_cat":[327],"product_tag":[],"class_list":{"0":"post-6538","1":"product","2":"type-product","3":"status-publish","4":"has-post-thumbnail","6":"product_cat-straw-hats","8":"first","9":"instock","10":"purchasable","11":"product-type-simple"},"jetpack_sharing_enabled":true,"_links":{"self":[{"href":"https:\/\/sibihats.com\/tr\/wp-json\/wp\/v2\/product\/6538","targetHints":{"allow":["GET"]}}],"collection":[{"href":"https:\/\/sibihats.com\/tr\/wp-json\/wp\/v2\/product"}],"about":[{"href":"https:\/\/sibihats.com\/tr\/wp-json\/wp\/v2\/types\/product"}],"wp:featuredmedia":[{"embeddable":true,"href":"https:\/\/sibihats.com\/tr\/wp-json\/wp\/v2\/media\/6539"}],"wp:attachment":[{"href":"https:\/\/sibihats.com\/tr\/wp-json\/wp\/v2\/media?parent=6538"}],"wp:term":[{"taxonomy":"product_brand","embeddable":true,"href":"https:\/\/sibihats.com\/tr\/wp-json\/wp\/v2\/product_brand?post=6538"},{"taxonomy":"product_cat","embeddable":true,"href":"https:\/\/sibihats.com\/tr\/wp-json\/wp\/v2\/product_cat?post=6538"},{"taxonomy":"product_tag","embeddable":true,"href":"https:\/\/sibihats.com\/tr\/wp-json\/wp\/v2\/product_tag?post=6538"}],"curies":[{"name":"wp","href":"https:\/\/api.w.org\/{rel}","templated":true}]}}