{"id":6503,"date":"2025-07-20T21:30:31","date_gmt":"2025-07-20T18:30:31","guid":{"rendered":"https:\/\/sibihats.com\/?post_type=product&#038;p=6503"},"modified":"2025-08-16T15:34:52","modified_gmt":"2025-08-16T12:34:52","slug":"bissi-red-silk-bow-headband","status":"publish","type":"product","link":"https:\/\/sibihats.com\/tr\/product\/bissi-red-silk-bow-headband\/","title":{"rendered":"BISSI - \u0130pek Fiyonklu Sa\u00e7 Band\u0131"},"content":{"rendered":"<ul>\n<li><em>Delivery time 2-6 days.<\/em><\/li>\n<li><em>Fully Handmade.<\/em><\/li>\n<li><em>100% Silk.<\/em><\/li>\n<li><em>Hand-wash Only.<\/em><\/li>\n<li><em>Elasticated.<\/em><\/li>\n<li><em>For special inquiries please <a href=\"https:\/\/sibihats.com\/tr\/iletisim\/?v=ea5ee3073194\">Bize ula\u015f\u0131n.<\/a><\/em><\/li>\n<\/ul>","protected":false},"excerpt":{"rendered":"<p>Meet BISSI in red silk &#8211; the headband that reinvents the bow with a bold twist. Designed for versatile styling, wear it your way: tied at the front, back, or side. Classic, but never predictable.<\/p>","protected":false},"featured_media":6532,"template":"","meta":[],"product_brand":[],"product_cat":[382,360],"product_tag":[],"class_list":{"0":"post-6503","1":"product","2":"type-product","3":"status-publish","4":"has-post-thumbnail","6":"product_cat-new","7":"product_cat-headbands","9":"first","10":"instock","11":"virtual","12":"purchasable","13":"product-type-simple"},"jetpack_sharing_enabled":true,"_links":{"self":[{"href":"https:\/\/sibihats.com\/tr\/wp-json\/wp\/v2\/product\/6503","targetHints":{"allow":["GET"]}}],"collection":[{"href":"https:\/\/sibihats.com\/tr\/wp-json\/wp\/v2\/product"}],"about":[{"href":"https:\/\/sibihats.com\/tr\/wp-json\/wp\/v2\/types\/product"}],"wp:featuredmedia":[{"embeddable":true,"href":"https:\/\/sibihats.com\/tr\/wp-json\/wp\/v2\/media\/6532"}],"wp:attachment":[{"href":"https:\/\/sibihats.com\/tr\/wp-json\/wp\/v2\/media?parent=6503"}],"wp:term":[{"taxonomy":"product_brand","embeddable":true,"href":"https:\/\/sibihats.com\/tr\/wp-json\/wp\/v2\/product_brand?post=6503"},{"taxonomy":"product_cat","embeddable":true,"href":"https:\/\/sibihats.com\/tr\/wp-json\/wp\/v2\/product_cat?post=6503"},{"taxonomy":"product_tag","embeddable":true,"href":"https:\/\/sibihats.com\/tr\/wp-json\/wp\/v2\/product_tag?post=6503"}],"curies":[{"name":"wp","href":"https:\/\/api.w.org\/{rel}","templated":true}]}}