{"id":6452,"date":"2025-07-01T18:44:43","date_gmt":"2025-07-01T15:44:43","guid":{"rendered":"https:\/\/sibihats.com\/?post_type=product&#038;p=6452"},"modified":"2025-08-14T22:34:40","modified_gmt":"2025-08-14T19:34:40","slug":"i-am-marina-raffia-straw-hat","status":"publish","type":"product","link":"https:\/\/sibihats.com\/tr\/product\/i-am-marina-raffia-straw-hat\/","title":{"rendered":"I AM MARINA - K\u0131y\u0131 S\u00fcslemeli Rafya Has\u0131r \u015eapka"},"content":{"rendered":"<ul>\n<li><em>Delivery time 2-9 days.<\/em><\/li>\n<li><em>Raffia Straw.<\/em><\/li>\n<li><em>Fully Handmade.<\/em><\/li>\n<li><em>Limited Edition.<\/em><\/li>\n<li><em>Adjustable Size Ribbon for Perfect Fit.<\/em><\/li>\n<li><em>Comes in a signature SIBI hatbox.<\/em><\/li>\n<li><em>For special inquiries please <a href=\"https:\/\/sibihats.com\/tr\/iletisim\/?v=ea5ee3073194\">Bize ula\u015f\u0131n.<\/a><\/em><\/li>\n<\/ul>","protected":false},"excerpt":{"rendered":"<p data-start=\"82\" data-end=\"386\">A wide-brimmed statement in refined straw, edged with artful fray and finished with a crisp blue-and-white stripe. Sophisticated yet sun-ready, she\u2019s made for champagne decks aboard distant yachts and long coastal afternoons \u2014 for the woman with red lips, who always arrives with grace.<\/p>","protected":false},"featured_media":6453,"template":"","meta":[],"product_brand":[],"product_cat":[382,327],"product_tag":[],"class_list":{"0":"post-6452","1":"product","2":"type-product","3":"status-publish","4":"has-post-thumbnail","6":"product_cat-new","7":"product_cat-straw-hats","9":"first","10":"instock","11":"purchasable","12":"product-type-simple"},"jetpack_sharing_enabled":true,"_links":{"self":[{"href":"https:\/\/sibihats.com\/tr\/wp-json\/wp\/v2\/product\/6452","targetHints":{"allow":["GET"]}}],"collection":[{"href":"https:\/\/sibihats.com\/tr\/wp-json\/wp\/v2\/product"}],"about":[{"href":"https:\/\/sibihats.com\/tr\/wp-json\/wp\/v2\/types\/product"}],"wp:featuredmedia":[{"embeddable":true,"href":"https:\/\/sibihats.com\/tr\/wp-json\/wp\/v2\/media\/6453"}],"wp:attachment":[{"href":"https:\/\/sibihats.com\/tr\/wp-json\/wp\/v2\/media?parent=6452"}],"wp:term":[{"taxonomy":"product_brand","embeddable":true,"href":"https:\/\/sibihats.com\/tr\/wp-json\/wp\/v2\/product_brand?post=6452"},{"taxonomy":"product_cat","embeddable":true,"href":"https:\/\/sibihats.com\/tr\/wp-json\/wp\/v2\/product_cat?post=6452"},{"taxonomy":"product_tag","embeddable":true,"href":"https:\/\/sibihats.com\/tr\/wp-json\/wp\/v2\/product_tag?post=6452"}],"curies":[{"name":"wp","href":"https:\/\/api.w.org\/{rel}","templated":true}]}}