{"id":6439,"date":"2025-07-01T13:28:11","date_gmt":"2025-07-01T10:28:11","guid":{"rendered":"https:\/\/sibihats.com\/?post_type=product&#038;p=6439"},"modified":"2025-08-09T21:19:29","modified_gmt":"2025-08-09T18:19:29","slug":"black-daisy-raffia-straw-hat-with-corded-flowers","status":"publish","type":"product","link":"https:\/\/sibihats.com\/tr\/product\/black-daisy-raffia-straw-hat-with-corded-flowers\/","title":{"rendered":"BLACK DAISY - \u00c7i\u00e7ek S\u00fcslemeli Rafya Has\u0131r \u015eapka"},"content":{"rendered":"<ul>\n<li><em>Delivery time 2-9 days.<\/em><\/li>\n<li><em>Raffia Straw.<\/em><\/li>\n<li><em>Fully Handmade.<\/em><\/li>\n<li><em>Limited Edition.<\/em><\/li>\n<li><em>Adjustable Size Ribbon for Perfect Fit.<\/em><\/li>\n<li><em>Comes in a signature SIBI hatbox.<\/em><\/li>\n<li><em>For special inquiries please <a href=\"https:\/\/sibihats.com\/tr\/iletisim\/?v=ea5ee3073194\">Bize ula\u015f\u0131n.<\/a><\/em><\/li>\n<\/ul>","protected":false},"excerpt":{"rendered":"<p class=\"\" data-start=\"69\" data-end=\"351\">A wild twist on classic straw. Hand-frayed and raw-edged, this hat blooms with bold, impeccable black daisies &#8211; where rustic charm meets rebellious grace. Like a daisy clinging to sea cliffs, it\u2019s made to weather the sun, the breeze, and the gaze.<\/p>","protected":false},"featured_media":6436,"template":"","meta":[],"product_brand":[],"product_cat":[382,327],"product_tag":[],"class_list":{"0":"post-6439","1":"product","2":"type-product","3":"status-publish","4":"has-post-thumbnail","6":"product_cat-new","7":"product_cat-straw-hats","9":"first","10":"instock","11":"purchasable","12":"product-type-simple"},"jetpack_sharing_enabled":true,"_links":{"self":[{"href":"https:\/\/sibihats.com\/tr\/wp-json\/wp\/v2\/product\/6439","targetHints":{"allow":["GET"]}}],"collection":[{"href":"https:\/\/sibihats.com\/tr\/wp-json\/wp\/v2\/product"}],"about":[{"href":"https:\/\/sibihats.com\/tr\/wp-json\/wp\/v2\/types\/product"}],"wp:featuredmedia":[{"embeddable":true,"href":"https:\/\/sibihats.com\/tr\/wp-json\/wp\/v2\/media\/6436"}],"wp:attachment":[{"href":"https:\/\/sibihats.com\/tr\/wp-json\/wp\/v2\/media?parent=6439"}],"wp:term":[{"taxonomy":"product_brand","embeddable":true,"href":"https:\/\/sibihats.com\/tr\/wp-json\/wp\/v2\/product_brand?post=6439"},{"taxonomy":"product_cat","embeddable":true,"href":"https:\/\/sibihats.com\/tr\/wp-json\/wp\/v2\/product_cat?post=6439"},{"taxonomy":"product_tag","embeddable":true,"href":"https:\/\/sibihats.com\/tr\/wp-json\/wp\/v2\/product_tag?post=6439"}],"curies":[{"name":"wp","href":"https:\/\/api.w.org\/{rel}","templated":true}]}}