{"id":6427,"date":"2025-06-28T19:04:50","date_gmt":"2025-06-28T16:04:50","guid":{"rendered":"https:\/\/sibihats.com\/?post_type=product&#038;p=6427"},"modified":"2025-07-01T13:08:44","modified_gmt":"2025-07-01T10:08:44","slug":"theladyofthecamellias-silkblend-floral-hat","status":"publish","type":"product","link":"https:\/\/sibihats.com\/tr\/product\/theladyofthecamellias-silkblend-floral-hat\/","title":{"rendered":"THE LADY OF THE CAMELLIAS &#8211; Floral Silk Blend Hat"},"content":{"rendered":"<p><em>\u2022 Delivery time 2-9 days.<\/em><\/p>\n<p><em>\u2022 Limited Edition.<\/em><\/p>\n<p><em>- Tamamen El Yap\u0131m\u0131.<\/em><\/p>\n<p><em>\u2022 %20 Silk, %80 Polyester. %100 Cotton Lining.<\/em><\/p>\n<p><em>\u2022 Adjustable Size Ribbon for Perfect Fit.<\/em><br \/>\n<em>- \u00d6zel sorular\u0131n\u0131z i\u00e7in l\u00fctfen <a href=\"https:\/\/sibihats.com\/tr\/iletisim\/?v=ea5ee3073194\">Bize ula\u015f\u0131n.<\/a><\/em><\/p>","protected":false},"excerpt":{"rendered":"<p>Light as a whisper, bold as a scandal, beautiful as a last waltz. A poetic silk-blend hat that channels the spirit of Marguerite Gautier: dramatic, unforgettable, and dressed to break hearts.<\/p>","protected":false},"featured_media":6438,"template":"","meta":[],"product_brand":[],"product_cat":[382,352],"product_tag":[],"class_list":{"0":"post-6427","1":"product","2":"type-product","3":"status-publish","4":"has-post-thumbnail","6":"product_cat-new","7":"product_cat-fabric-hats","9":"first","10":"instock","11":"purchasable","12":"product-type-simple"},"jetpack_sharing_enabled":true,"_links":{"self":[{"href":"https:\/\/sibihats.com\/tr\/wp-json\/wp\/v2\/product\/6427","targetHints":{"allow":["GET"]}}],"collection":[{"href":"https:\/\/sibihats.com\/tr\/wp-json\/wp\/v2\/product"}],"about":[{"href":"https:\/\/sibihats.com\/tr\/wp-json\/wp\/v2\/types\/product"}],"wp:featuredmedia":[{"embeddable":true,"href":"https:\/\/sibihats.com\/tr\/wp-json\/wp\/v2\/media\/6438"}],"wp:attachment":[{"href":"https:\/\/sibihats.com\/tr\/wp-json\/wp\/v2\/media?parent=6427"}],"wp:term":[{"taxonomy":"product_brand","embeddable":true,"href":"https:\/\/sibihats.com\/tr\/wp-json\/wp\/v2\/product_brand?post=6427"},{"taxonomy":"product_cat","embeddable":true,"href":"https:\/\/sibihats.com\/tr\/wp-json\/wp\/v2\/product_cat?post=6427"},{"taxonomy":"product_tag","embeddable":true,"href":"https:\/\/sibihats.com\/tr\/wp-json\/wp\/v2\/product_tag?post=6427"}],"curies":[{"name":"wp","href":"https:\/\/api.w.org\/{rel}","templated":true}]}}