{"id":6409,"date":"2025-06-01T14:04:29","date_gmt":"2025-06-01T11:04:29","guid":{"rendered":"https:\/\/sibihats.com\/?post_type=product&#038;p=6409"},"modified":"2025-06-08T20:18:53","modified_gmt":"2025-06-08T17:18:53","slug":"polka-cotton-bandana","status":"publish","type":"product","link":"https:\/\/sibihats.com\/tr\/product\/polka-cotton-bandana\/","title":{"rendered":"POLKA - Pamuklu Bandana"},"content":{"rendered":"<p>100% Cotton<br \/>\nTamamen el yap\u0131m\u0131<\/p>\n<p><em>\u2022 Delivery time 2-6 days<\/em><br \/>\n<em>\u2022 Elasticated<\/em><br \/>\n<em>- \u00d6zel sorular\u0131n\u0131z i\u00e7in l\u00fctfen <a href=\"https:\/\/sibihats.com\/tr\/iletisim\/?v=ea5ee3073194\">Bize ula\u015f\u0131n<\/a><\/em><\/p>","protected":false},"excerpt":{"rendered":"<p>The bandana is emerging as a hot trend, snapped up by fashion followers of all genders to lift their looks with a rock \u2018n\u2019 roll touch or country twist that makes all the difference. The accessory is now proving popular in its original form, worn as a scarf around the head to create different looks.<br \/>\nThis ready-to-wear bandana was crafted from a lightweight silky cotton.<\/p>\n<p>&nbsp;<\/p>","protected":false},"featured_media":6412,"template":"","meta":[],"product_brand":[],"product_cat":[354],"product_tag":[],"class_list":{"0":"post-6409","1":"product","2":"type-product","3":"status-publish","4":"has-post-thumbnail","6":"product_cat-bandanas","8":"first","9":"instock","10":"purchasable","11":"product-type-simple"},"jetpack_sharing_enabled":true,"_links":{"self":[{"href":"https:\/\/sibihats.com\/tr\/wp-json\/wp\/v2\/product\/6409","targetHints":{"allow":["GET"]}}],"collection":[{"href":"https:\/\/sibihats.com\/tr\/wp-json\/wp\/v2\/product"}],"about":[{"href":"https:\/\/sibihats.com\/tr\/wp-json\/wp\/v2\/types\/product"}],"wp:featuredmedia":[{"embeddable":true,"href":"https:\/\/sibihats.com\/tr\/wp-json\/wp\/v2\/media\/6412"}],"wp:attachment":[{"href":"https:\/\/sibihats.com\/tr\/wp-json\/wp\/v2\/media?parent=6409"}],"wp:term":[{"taxonomy":"product_brand","embeddable":true,"href":"https:\/\/sibihats.com\/tr\/wp-json\/wp\/v2\/product_brand?post=6409"},{"taxonomy":"product_cat","embeddable":true,"href":"https:\/\/sibihats.com\/tr\/wp-json\/wp\/v2\/product_cat?post=6409"},{"taxonomy":"product_tag","embeddable":true,"href":"https:\/\/sibihats.com\/tr\/wp-json\/wp\/v2\/product_tag?post=6409"}],"curies":[{"name":"wp","href":"https:\/\/api.w.org\/{rel}","templated":true}]}}