{"id":6386,"date":"2025-04-09T15:43:20","date_gmt":"2025-04-09T12:43:20","guid":{"rendered":"https:\/\/sibihats.com\/?post_type=product&#038;p=6386"},"modified":"2025-08-19T16:28:39","modified_gmt":"2025-08-19T13:28:39","slug":"gigi-raffia-straw-fedora-hat-with-silk-trimming","status":"publish","type":"product","link":"https:\/\/sibihats.com\/tr\/product\/gigi-raffia-straw-fedora-hat-with-silk-trimming\/","title":{"rendered":"GIGI - \u0130pek S\u00fcslemeli Rafya Has\u0131r F\u00f6tr \u015eapka"},"content":{"rendered":"<ul>\n<li style=\"text-align: left;\"><em>Delivery Time 2-9 days.<\/em><\/li>\n<li style=\"text-align: left;\"><em>Raffia Straw.<\/em><\/li>\n<li style=\"text-align: left;\"><em>100% Silk Trimming.<\/em><\/li>\n<li style=\"text-align: left;\"><em>Adjustable Size Ribbon for Perfect Fit.<\/em><\/li>\n<li style=\"text-align: left;\"><em>For Special Inquiries Please <a href=\"https:\/\/sibihats.com\/tr\/iletisim\/?v=ea5ee3073194\">Bize ula\u015f\u0131n.<\/a><\/em><\/li>\n<li><em>Comes in a Signature SIBI Hatbox.<\/em><\/li>\n<\/ul>","protected":false},"excerpt":{"rendered":"<p class=\"\" data-start=\"69\" data-end=\"351\"><strong data-start=\"69\" data-end=\"77\">GIGI<\/strong> is a timeless statement of elegance &#8211; a <strong data-start=\"118\" data-end=\"154\">luxury handmade straw fedora hat<\/strong> crafted from natural raffia straw, and adorned with a silk trimming. With its clean silhouette and refined finish, GIGI brings effortless sophistication to any look, from sunlit strolls to summer soir\u00e9es.<\/p>","protected":false},"featured_media":6394,"template":"","meta":[],"product_brand":[],"product_cat":[327,350],"product_tag":[],"class_list":{"0":"post-6386","1":"product","2":"type-product","3":"status-publish","4":"has-post-thumbnail","6":"product_cat-straw-hats","7":"product_cat-sale","9":"first","10":"instock","11":"sale","12":"purchasable","13":"product-type-variable"},"jetpack_sharing_enabled":true,"_links":{"self":[{"href":"https:\/\/sibihats.com\/tr\/wp-json\/wp\/v2\/product\/6386","targetHints":{"allow":["GET"]}}],"collection":[{"href":"https:\/\/sibihats.com\/tr\/wp-json\/wp\/v2\/product"}],"about":[{"href":"https:\/\/sibihats.com\/tr\/wp-json\/wp\/v2\/types\/product"}],"wp:featuredmedia":[{"embeddable":true,"href":"https:\/\/sibihats.com\/tr\/wp-json\/wp\/v2\/media\/6394"}],"wp:attachment":[{"href":"https:\/\/sibihats.com\/tr\/wp-json\/wp\/v2\/media?parent=6386"}],"wp:term":[{"taxonomy":"product_brand","embeddable":true,"href":"https:\/\/sibihats.com\/tr\/wp-json\/wp\/v2\/product_brand?post=6386"},{"taxonomy":"product_cat","embeddable":true,"href":"https:\/\/sibihats.com\/tr\/wp-json\/wp\/v2\/product_cat?post=6386"},{"taxonomy":"product_tag","embeddable":true,"href":"https:\/\/sibihats.com\/tr\/wp-json\/wp\/v2\/product_tag?post=6386"}],"curies":[{"name":"wp","href":"https:\/\/api.w.org\/{rel}","templated":true}]}}