{"id":6375,"date":"2025-04-09T14:36:53","date_gmt":"2025-04-09T11:36:53","guid":{"rendered":"https:\/\/sibihats.com\/?post_type=product&#038;p=6375"},"modified":"2025-08-19T15:59:06","modified_gmt":"2025-08-19T12:59:06","slug":"gigi-straw-canope-hat-with-silk-trimming","status":"publish","type":"product","link":"https:\/\/sibihats.com\/tr\/product\/gigi-straw-canope-hat-with-silk-trimming\/","title":{"rendered":"GIGI - \u0130pek S\u00fcslemeli Y\u0131pranm\u0131\u015f Has\u0131r Kanopi \u015eapka"},"content":{"rendered":"<ul>\n<li><em>Delivery time 2-9 days.<\/em><\/li>\n<li><em>Raffia Straw.<\/em><\/li>\n<li><em>100% Silk Trimming,<\/em><\/li>\n<li><em>Adjustable Size Ribbon for Perfect Fit.<\/em><\/li>\n<li><em>For Special Inquiries Please <a href=\"https:\/\/sibihats.com\/tr\/iletisim\/?v=ea5ee3073194\">Bize ula\u015f\u0131n.<\/a><\/em><\/li>\n<li><em>Comes in a Signature SIBI Hatbox.<\/em><\/li>\n<\/ul>","protected":false},"excerpt":{"rendered":"<p class=\"\" data-start=\"69\" data-end=\"351\"><strong data-start=\"90\" data-end=\"98\">GIGI<\/strong> &#8211; Handcrafted from natural raffia straw, delicately frayed by hand and finished with a silk touch, this luxury canopy hat embodies effortless sophistication.<br data-start=\"300\" data-end=\"303\" \/>With its graceful silhouette and meticulous craftsmanship, GIGI moves seamlessly from sunlit promenades to enchanting summer soir\u00e9es &#8211; an icon of refined style.<\/p>","protected":false},"featured_media":6383,"template":"","meta":[],"product_brand":[],"product_cat":[327,350],"product_tag":[],"class_list":{"0":"post-6375","1":"product","2":"type-product","3":"status-publish","4":"has-post-thumbnail","6":"product_cat-straw-hats","7":"product_cat-sale","9":"first","10":"instock","11":"sale","12":"purchasable","13":"product-type-variable"},"jetpack_sharing_enabled":true,"_links":{"self":[{"href":"https:\/\/sibihats.com\/tr\/wp-json\/wp\/v2\/product\/6375","targetHints":{"allow":["GET"]}}],"collection":[{"href":"https:\/\/sibihats.com\/tr\/wp-json\/wp\/v2\/product"}],"about":[{"href":"https:\/\/sibihats.com\/tr\/wp-json\/wp\/v2\/types\/product"}],"wp:featuredmedia":[{"embeddable":true,"href":"https:\/\/sibihats.com\/tr\/wp-json\/wp\/v2\/media\/6383"}],"wp:attachment":[{"href":"https:\/\/sibihats.com\/tr\/wp-json\/wp\/v2\/media?parent=6375"}],"wp:term":[{"taxonomy":"product_brand","embeddable":true,"href":"https:\/\/sibihats.com\/tr\/wp-json\/wp\/v2\/product_brand?post=6375"},{"taxonomy":"product_cat","embeddable":true,"href":"https:\/\/sibihats.com\/tr\/wp-json\/wp\/v2\/product_cat?post=6375"},{"taxonomy":"product_tag","embeddable":true,"href":"https:\/\/sibihats.com\/tr\/wp-json\/wp\/v2\/product_tag?post=6375"}],"curies":[{"name":"wp","href":"https:\/\/api.w.org\/{rel}","templated":true}]}}