{"id":6176,"date":"2024-12-18T21:55:10","date_gmt":"2024-12-18T18:55:10","guid":{"rendered":"https:\/\/sibihats.com\/?post_type=product&#038;p=6176"},"modified":"2025-07-20T23:46:53","modified_gmt":"2025-07-20T20:46:53","slug":"sheila-chain-effect-turban-headband","status":"publish","type":"product","link":"https:\/\/sibihats.com\/tr\/product\/sheila-chain-effect-turban-headband\/","title":{"rendered":"SHEILA - Zincir Efektli T\u00fcrban Sa\u00e7 Band\u0131"},"content":{"rendered":"<p><em>- Teslimat s\u00fcresi 2-6 g\u00fcn.<\/em><br \/>\n<em>- Tamamen El Yap\u0131m\u0131.<\/em><br \/>\n<em>- \u00d6zel sorular\u0131n\u0131z i\u00e7in l\u00fctfen <a href=\"https:\/\/sibihats.com\/tr\/iletisim\/?v=ea5ee3073194\">Bize ula\u015f\u0131n.<\/a><\/em><\/p>","protected":false},"excerpt":{"rendered":"<p>Headbands have made a powerful comeback and are proving they\u2019re more than just a fleeting trend-they\u2019re a style statement that\u2019s here to stay. Meet SHEILA, the ultimate headband that redefines the classic turban with a bold, rebellious twist. Perfect for those who dare to blend timeless elegance with edgy, modern flair.<\/p>","protected":false},"featured_media":6205,"template":"","meta":[],"product_brand":[],"product_cat":[360,350],"product_tag":[],"class_list":{"0":"post-6176","1":"product","2":"type-product","3":"status-publish","4":"has-post-thumbnail","6":"product_cat-headbands","7":"product_cat-sale","9":"first","10":"instock","11":"sale","12":"purchasable","13":"product-type-simple"},"jetpack_sharing_enabled":true,"_links":{"self":[{"href":"https:\/\/sibihats.com\/tr\/wp-json\/wp\/v2\/product\/6176","targetHints":{"allow":["GET"]}}],"collection":[{"href":"https:\/\/sibihats.com\/tr\/wp-json\/wp\/v2\/product"}],"about":[{"href":"https:\/\/sibihats.com\/tr\/wp-json\/wp\/v2\/types\/product"}],"wp:featuredmedia":[{"embeddable":true,"href":"https:\/\/sibihats.com\/tr\/wp-json\/wp\/v2\/media\/6205"}],"wp:attachment":[{"href":"https:\/\/sibihats.com\/tr\/wp-json\/wp\/v2\/media?parent=6176"}],"wp:term":[{"taxonomy":"product_brand","embeddable":true,"href":"https:\/\/sibihats.com\/tr\/wp-json\/wp\/v2\/product_brand?post=6176"},{"taxonomy":"product_cat","embeddable":true,"href":"https:\/\/sibihats.com\/tr\/wp-json\/wp\/v2\/product_cat?post=6176"},{"taxonomy":"product_tag","embeddable":true,"href":"https:\/\/sibihats.com\/tr\/wp-json\/wp\/v2\/product_tag?post=6176"}],"curies":[{"name":"wp","href":"https:\/\/api.w.org\/{rel}","templated":true}]}}