{"id":6169,"date":"2024-12-18T21:35:39","date_gmt":"2024-12-18T18:35:39","guid":{"rendered":"https:\/\/sibihats.com\/?post_type=product&#038;p=6169"},"modified":"2025-05-27T12:05:22","modified_gmt":"2025-05-27T09:05:22","slug":"chester-tartan-wool-french-beret-hat","status":"publish","type":"product","link":"https:\/\/sibihats.com\/tr\/product\/chester-tartan-wool-french-beret-hat\/","title":{"rendered":"CHESTER - Tartan Y\u00fcn Frans\u0131z Bere \u015eapka"},"content":{"rendered":"<ul>\n<li><em>Delivery time 3-7 days.<\/em><\/li>\n<li><em>Fully Handmade.<\/em><\/li>\n<li><em>100% Scottish Wool, 100% Silk Lining.<\/em><\/li>\n<li><em>Dry Cleaning Only.<\/em><\/li>\n<li><em>Size adjustable ribbon for perfect fit between two sizes.<\/em><\/li>\n<li><em>For special inquiries please\u00a0<a href=\"https:\/\/sibihats.com\/tr\/iletisim\/?v=ea5ee3073194\">Bize ula\u015f\u0131n.<\/a><\/em><\/li>\n<\/ul>","protected":false},"excerpt":{"rendered":"<div class=\"adL\" dir=\"auto\">Meet Chester. Oversized French beret crafted from handpicked Scottish tartan wool, timeless, bold, and full of character.<\/div>\n<p>&nbsp;<\/p>","protected":false},"featured_media":6174,"template":"","meta":[],"product_brand":[],"product_cat":[382,388,350],"product_tag":[],"class_list":{"0":"post-6169","1":"product","2":"type-product","3":"status-publish","4":"has-post-thumbnail","6":"product_cat-new","7":"product_cat-sibi-man","8":"product_cat-sale","9":"pa_brand-sibi-hats","11":"first","12":"instock","13":"sale","14":"taxable","15":"shipping-taxable","16":"purchasable","17":"product-type-variable"},"jetpack_sharing_enabled":true,"_links":{"self":[{"href":"https:\/\/sibihats.com\/tr\/wp-json\/wp\/v2\/product\/6169","targetHints":{"allow":["GET"]}}],"collection":[{"href":"https:\/\/sibihats.com\/tr\/wp-json\/wp\/v2\/product"}],"about":[{"href":"https:\/\/sibihats.com\/tr\/wp-json\/wp\/v2\/types\/product"}],"wp:featuredmedia":[{"embeddable":true,"href":"https:\/\/sibihats.com\/tr\/wp-json\/wp\/v2\/media\/6174"}],"wp:attachment":[{"href":"https:\/\/sibihats.com\/tr\/wp-json\/wp\/v2\/media?parent=6169"}],"wp:term":[{"taxonomy":"product_brand","embeddable":true,"href":"https:\/\/sibihats.com\/tr\/wp-json\/wp\/v2\/product_brand?post=6169"},{"taxonomy":"product_cat","embeddable":true,"href":"https:\/\/sibihats.com\/tr\/wp-json\/wp\/v2\/product_cat?post=6169"},{"taxonomy":"product_tag","embeddable":true,"href":"https:\/\/sibihats.com\/tr\/wp-json\/wp\/v2\/product_tag?post=6169"}],"curies":[{"name":"wp","href":"https:\/\/api.w.org\/{rel}","templated":true}]}}