{"id":6035,"date":"2024-11-07T13:35:23","date_gmt":"2024-11-07T10:35:23","guid":{"rendered":"https:\/\/sibihats.com\/?post_type=product&#038;p=6035"},"modified":"2025-07-14T13:48:09","modified_gmt":"2025-07-14T10:48:09","slug":"lavin-wide-brim-linen-bucket-hat","status":"publish","type":"product","link":"https:\/\/sibihats.com\/tr\/product\/lavin-wide-brim-linen-bucket-hat\/","title":{"rendered":"LAVIN &#8211; Wide Brim Linen Bucket Hat"},"content":{"rendered":"<p>The bucket hat is less of a trend and more of a permanent fixture. It has transcended so many fashion movements over the years that it doesn\u2019t really have a bracket. It just keeps coming back. Why? it is easy to wear.<\/p>\n<p>LAVIN is a classic bucket hat with wider brim crafted from luxury printed linen.<\/p>\n<p>S\u0130YAH<br \/>\nTamamen el yap\u0131m\u0131<\/p>\n<p><em>\u2022 Delivery time 3-6 days.<\/em><br \/>\n<em>\u2022 Adjustable size.<\/em><br \/>\n<em>- \u00d6zel sorular\u0131n\u0131z i\u00e7in l\u00fctfen <a href=\"https:\/\/sibihats.com\/tr\/iletisim\/?v=ea5ee3073194\">Bize ula\u015f\u0131n.<\/a><\/em><\/p>","protected":false},"excerpt":{"rendered":"<p>Black linen Bucket Hat<\/p>","protected":false},"featured_media":4107,"template":"","meta":[],"product_brand":[],"product_cat":[352,350],"product_tag":[],"class_list":{"0":"post-6035","1":"product","2":"type-product","3":"status-publish","4":"has-post-thumbnail","6":"product_cat-fabric-hats","7":"product_cat-sale","9":"first","10":"outofstock","11":"sale","12":"purchasable","13":"product-type-simple"},"jetpack_sharing_enabled":true,"_links":{"self":[{"href":"https:\/\/sibihats.com\/tr\/wp-json\/wp\/v2\/product\/6035","targetHints":{"allow":["GET"]}}],"collection":[{"href":"https:\/\/sibihats.com\/tr\/wp-json\/wp\/v2\/product"}],"about":[{"href":"https:\/\/sibihats.com\/tr\/wp-json\/wp\/v2\/types\/product"}],"wp:featuredmedia":[{"embeddable":true,"href":"https:\/\/sibihats.com\/tr\/wp-json\/wp\/v2\/media\/4107"}],"wp:attachment":[{"href":"https:\/\/sibihats.com\/tr\/wp-json\/wp\/v2\/media?parent=6035"}],"wp:term":[{"taxonomy":"product_brand","embeddable":true,"href":"https:\/\/sibihats.com\/tr\/wp-json\/wp\/v2\/product_brand?post=6035"},{"taxonomy":"product_cat","embeddable":true,"href":"https:\/\/sibihats.com\/tr\/wp-json\/wp\/v2\/product_cat?post=6035"},{"taxonomy":"product_tag","embeddable":true,"href":"https:\/\/sibihats.com\/tr\/wp-json\/wp\/v2\/product_tag?post=6035"}],"curies":[{"name":"wp","href":"https:\/\/api.w.org\/{rel}","templated":true}]}}