{"id":6031,"date":"2024-10-31T22:11:23","date_gmt":"2024-10-31T19:11:23","guid":{"rendered":"https:\/\/sibihats.com\/?post_type=product&#038;p=6031"},"modified":"2025-01-16T09:13:00","modified_gmt":"2025-01-16T06:13:00","slug":"danny-bucket-brgndy","status":"publish","type":"product","link":"https:\/\/sibihats.com\/tr\/product\/danny-bucket-brgndy\/","title":{"rendered":"DANNY Tweed Bucket Hat"},"content":{"rendered":"<p>The bucket hat is less of a trend and more of a permanent fixture. It has transcended so many fashion movements over the years that it doesn\u2019t really have a bracket. It just keeps coming back. Why? it is easy to wear.<\/p>\n<p>Danny is a classic bucket hat crafted from luxury tweed wool.<\/p>\n<p>BURGUNDY<br \/>\nTamamen el yap\u0131m\u0131<\/p>\n<p><em>\u2022 Adjustable size.<\/em><br \/>\n<em>\u2022 Delivery time 2-5 days.<\/em><br \/>\n<em>- \u00d6zel sorular\u0131n\u0131z i\u00e7in l\u00fctfen <a href=\"https:\/\/sibihats.com\/tr\/iletisim\/?v=ea5ee3073194\">Bize ula\u015f\u0131n.<\/a><\/em><br \/>\n<em>\u2022 Dry cleaning only.<\/em><\/p>","protected":false},"excerpt":{"rendered":"<p>The bucket hat is less of a trend and more of a permanent fixture. It has transcended so many fashion movements over the years that it doesn\u2019t really have a bracket. It just keeps coming back. Why? it is easy to wear. Danny is a classic bucket hat crafted from luxury tweed wool. BURGUNDY Fully [&#8230;]\n","protected":false},"featured_media":4617,"template":"","meta":[],"product_brand":[],"product_cat":[352],"product_tag":[],"class_list":{"0":"post-6031","1":"product","2":"type-product","3":"status-publish","4":"has-post-thumbnail","6":"product_cat-fabric-hats","7":"pa_brand-sibi-hats","9":"first","10":"outofstock","11":"purchasable","12":"product-type-simple"},"jetpack_sharing_enabled":true,"_links":{"self":[{"href":"https:\/\/sibihats.com\/tr\/wp-json\/wp\/v2\/product\/6031","targetHints":{"allow":["GET"]}}],"collection":[{"href":"https:\/\/sibihats.com\/tr\/wp-json\/wp\/v2\/product"}],"about":[{"href":"https:\/\/sibihats.com\/tr\/wp-json\/wp\/v2\/types\/product"}],"wp:featuredmedia":[{"embeddable":true,"href":"https:\/\/sibihats.com\/tr\/wp-json\/wp\/v2\/media\/4617"}],"wp:attachment":[{"href":"https:\/\/sibihats.com\/tr\/wp-json\/wp\/v2\/media?parent=6031"}],"wp:term":[{"taxonomy":"product_brand","embeddable":true,"href":"https:\/\/sibihats.com\/tr\/wp-json\/wp\/v2\/product_brand?post=6031"},{"taxonomy":"product_cat","embeddable":true,"href":"https:\/\/sibihats.com\/tr\/wp-json\/wp\/v2\/product_cat?post=6031"},{"taxonomy":"product_tag","embeddable":true,"href":"https:\/\/sibihats.com\/tr\/wp-json\/wp\/v2\/product_tag?post=6031"}],"curies":[{"name":"wp","href":"https:\/\/api.w.org\/{rel}","templated":true}]}}