{"id":6019,"date":"2024-10-27T16:59:00","date_gmt":"2024-10-27T13:59:00","guid":{"rendered":"https:\/\/sibihats.com\/?post_type=product&#038;p=6019"},"modified":"2025-07-20T23:43:11","modified_gmt":"2025-07-20T20:43:11","slug":"call-me-rosy-bordo-i%cc%87pek-sac-bandi","status":"publish","type":"product","link":"https:\/\/sibihats.com\/tr\/product\/call-me-rosy-burgundy-silk-headband\/","title":{"rendered":"CALL ME ROSY - Bordo \u0130pek Sa\u00e7 Band\u0131"},"content":{"rendered":"","protected":false},"excerpt":{"rendered":"<p>Sa\u00e7 bantlar\u0131n\u0131n son birka\u00e7 y\u0131ld\u0131r b\u00fcy\u00fck bir ivme kazand\u0131\u011f\u0131n\u0131 inkar edemeyiz.<br \/>\nOnlar ger\u00e7ekten bir kad\u0131n\u0131n ta\u00e7land\u0131r\u0131c\u0131 ihti\u015fam\u0131d\u0131r.<br \/>\n\u00c7i\u00e7ekler eklenirse ta\u00e7lara gerek kalmaz, de\u011fil mi?<br \/>\nBu zarif sa\u00e7 band\u0131 ipek \u015fantuktan \u00fcretilmi\u015ftir.<\/p>\n<p>BURGUNDY<\/p>\n<p>Tamamen el yap\u0131m\u0131<\/p>\n<p><em>- Teslimat s\u00fcresi 2-6 g\u00fcn.<\/em><br \/>\n<em>- Tek beden.<\/em><br \/>\n<em>- \u00d6zel sorular\u0131n\u0131z i\u00e7in l\u00fctfen <a href=\"https:\/\/sibihats.com\/tr\/iletisim\/?v=ea5ee3073194\">Bize ula\u015f\u0131n.<\/a><\/em><\/p>","protected":false},"featured_media":6021,"template":"","meta":[],"product_brand":[],"product_cat":[360,350],"product_tag":[],"class_list":{"0":"post-6019","1":"product","2":"type-product","3":"status-publish","4":"has-post-thumbnail","6":"product_cat-headbands","7":"product_cat-sale","9":"first","10":"instock","11":"sale","12":"purchasable","13":"product-type-simple"},"jetpack_sharing_enabled":true,"_links":{"self":[{"href":"https:\/\/sibihats.com\/tr\/wp-json\/wp\/v2\/product\/6019","targetHints":{"allow":["GET"]}}],"collection":[{"href":"https:\/\/sibihats.com\/tr\/wp-json\/wp\/v2\/product"}],"about":[{"href":"https:\/\/sibihats.com\/tr\/wp-json\/wp\/v2\/types\/product"}],"wp:featuredmedia":[{"embeddable":true,"href":"https:\/\/sibihats.com\/tr\/wp-json\/wp\/v2\/media\/6021"}],"wp:attachment":[{"href":"https:\/\/sibihats.com\/tr\/wp-json\/wp\/v2\/media?parent=6019"}],"wp:term":[{"taxonomy":"product_brand","embeddable":true,"href":"https:\/\/sibihats.com\/tr\/wp-json\/wp\/v2\/product_brand?post=6019"},{"taxonomy":"product_cat","embeddable":true,"href":"https:\/\/sibihats.com\/tr\/wp-json\/wp\/v2\/product_cat?post=6019"},{"taxonomy":"product_tag","embeddable":true,"href":"https:\/\/sibihats.com\/tr\/wp-json\/wp\/v2\/product_tag?post=6019"}],"curies":[{"name":"wp","href":"https:\/\/api.w.org\/{rel}","templated":true}]}}