{"id":5920,"date":"2024-08-10T16:22:30","date_gmt":"2024-08-10T13:22:30","guid":{"rendered":"https:\/\/sibihats.com\/?post_type=product&#038;p=5920"},"modified":"2025-12-21T14:28:27","modified_gmt":"2025-12-21T11:28:27","slug":"safary-vibes-silk-bandana","status":"publish","type":"product","link":"https:\/\/sibihats.com\/tr\/product\/safary-vibes-silk-bandana\/","title":{"rendered":"SAFAR\u0130 VIBES - Hayvan Bask\u0131l\u0131 \u0130pek Bandana"},"content":{"rendered":"<p>100% SILK<br \/>\nTamamen el yap\u0131m\u0131<\/p>\n<p>DRY CLEANING<br \/>\nHAND WASH<br \/>\nUSE STEAM IRON<\/p>\n<p><em>\u2022 Delivery time 2-6 days<\/em><br \/>\n<em>\u2022 Elasticated<\/em><br \/>\n<em>- \u00d6zel sorular\u0131n\u0131z i\u00e7in l\u00fctfen <a href=\"https:\/\/sibihats.com\/tr\/iletisim\/?v=ea5ee3073194\">Bize ula\u015f\u0131n<\/a><\/em><\/p>","protected":false},"excerpt":{"rendered":"<p>The bandana is emerging as a standout trend, embraced by fashion followers of all genders to elevate their looks with a rock \u2019n\u2019 roll edge or a subtle country twist that makes all the difference. This ready-to-wear silk bandana brings that rock \u2019n\u2019 roll attitude together with pure elegance, expressed through its floral print and finished with a delicate bow at the back.<\/p>\n<p>&nbsp;<\/p>","protected":false},"featured_media":5917,"template":"","meta":[],"product_brand":[],"product_cat":[354],"product_tag":[],"class_list":{"0":"post-5920","1":"product","2":"type-product","3":"status-publish","4":"has-post-thumbnail","6":"product_cat-bandanas","8":"first","9":"instock","10":"purchasable","11":"product-type-simple"},"jetpack_sharing_enabled":true,"_links":{"self":[{"href":"https:\/\/sibihats.com\/tr\/wp-json\/wp\/v2\/product\/5920","targetHints":{"allow":["GET"]}}],"collection":[{"href":"https:\/\/sibihats.com\/tr\/wp-json\/wp\/v2\/product"}],"about":[{"href":"https:\/\/sibihats.com\/tr\/wp-json\/wp\/v2\/types\/product"}],"wp:featuredmedia":[{"embeddable":true,"href":"https:\/\/sibihats.com\/tr\/wp-json\/wp\/v2\/media\/5917"}],"wp:attachment":[{"href":"https:\/\/sibihats.com\/tr\/wp-json\/wp\/v2\/media?parent=5920"}],"wp:term":[{"taxonomy":"product_brand","embeddable":true,"href":"https:\/\/sibihats.com\/tr\/wp-json\/wp\/v2\/product_brand?post=5920"},{"taxonomy":"product_cat","embeddable":true,"href":"https:\/\/sibihats.com\/tr\/wp-json\/wp\/v2\/product_cat?post=5920"},{"taxonomy":"product_tag","embeddable":true,"href":"https:\/\/sibihats.com\/tr\/wp-json\/wp\/v2\/product_tag?post=5920"}],"curies":[{"name":"wp","href":"https:\/\/api.w.org\/{rel}","templated":true}]}}