{"id":5919,"date":"2024-08-10T16:19:36","date_gmt":"2024-08-10T13:19:36","guid":{"rendered":"https:\/\/sibihats.com\/?post_type=product&#038;p=5919"},"modified":"2024-08-10T16:21:26","modified_gmt":"2024-08-10T13:21:26","slug":"sacred-garden-silk-bandana-peach","status":"publish","type":"product","link":"https:\/\/sibihats.com\/tr\/product\/sacred-garden-silk-bandana-peach\/","title":{"rendered":"SACRED GARDEN - \u0130pek Bandana"},"content":{"rendered":"<p>The bandana is emerging as a hot trend, snapped up by fashion followers of all genders to lift their looks with a rock \u2018n\u2019 roll touch or country twist that makes all the difference.<br \/>\nThis ready-to-wear silk bandana is definitely adding that rock \u2018n\u2019 roll touch combined with pure elegance adopted from its floral print, and the bow on the back.<\/p>\n<p>&nbsp;<\/p>\n<p>MULTICOLOR<\/p>\n<p>100% SILK<br \/>\nTamamen el yap\u0131m\u0131<\/p>\n<p>DRY CLEANING<br \/>\nHAND WASH<br \/>\nUSE STEAM IRON<\/p>\n<p><em>\u2022 Delivery time 2-6 days<\/em><br \/>\n<em>\u2022 Elasticated<\/em><br \/>\n<em>- \u00d6zel sorular\u0131n\u0131z i\u00e7in l\u00fctfen <a href=\"https:\/\/sibihats.com\/tr\/iletisim\/?v=ea5ee3073194\">Bize ula\u015f\u0131n<\/a><\/em><\/p>","protected":false},"excerpt":{"rendered":"<p>The bandana is emerging as a hot trend, snapped up by fashion followers of all genders to lift their looks with a rock \u2018n\u2019 roll touch or country twist that makes all the difference.<br \/>\nThis ready-to-wear silk bandana is definitely adding that rock \u2018n\u2019 roll touch combined with pure elegance adopted from its floral print, and the bow on the back.<\/p>\n<p>100% SILK<\/p>","protected":false},"featured_media":5915,"template":"","meta":[],"product_brand":[],"product_cat":[354],"product_tag":[],"class_list":{"0":"post-5919","1":"product","2":"type-product","3":"status-publish","4":"has-post-thumbnail","6":"product_cat-bandanas","8":"first","9":"instock","10":"purchasable","11":"product-type-simple"},"jetpack_sharing_enabled":true,"_links":{"self":[{"href":"https:\/\/sibihats.com\/tr\/wp-json\/wp\/v2\/product\/5919","targetHints":{"allow":["GET"]}}],"collection":[{"href":"https:\/\/sibihats.com\/tr\/wp-json\/wp\/v2\/product"}],"about":[{"href":"https:\/\/sibihats.com\/tr\/wp-json\/wp\/v2\/types\/product"}],"wp:featuredmedia":[{"embeddable":true,"href":"https:\/\/sibihats.com\/tr\/wp-json\/wp\/v2\/media\/5915"}],"wp:attachment":[{"href":"https:\/\/sibihats.com\/tr\/wp-json\/wp\/v2\/media?parent=5919"}],"wp:term":[{"taxonomy":"product_brand","embeddable":true,"href":"https:\/\/sibihats.com\/tr\/wp-json\/wp\/v2\/product_brand?post=5919"},{"taxonomy":"product_cat","embeddable":true,"href":"https:\/\/sibihats.com\/tr\/wp-json\/wp\/v2\/product_cat?post=5919"},{"taxonomy":"product_tag","embeddable":true,"href":"https:\/\/sibihats.com\/tr\/wp-json\/wp\/v2\/product_tag?post=5919"}],"curies":[{"name":"wp","href":"https:\/\/api.w.org\/{rel}","templated":true}]}}