{"id":5906,"date":"2024-08-10T15:54:10","date_gmt":"2024-08-10T12:54:10","guid":{"rendered":"https:\/\/sibihats.com\/?post_type=product&#038;p=5906"},"modified":"2025-08-16T15:50:08","modified_gmt":"2025-08-16T12:50:08","slug":"sacred-garden-a-silk-bandana-as-rare-and-timeless-as-a-secret-bloom","status":"publish","type":"product","link":"https:\/\/sibihats.com\/tr\/product\/sacred-garden-a-silk-bandana-as-rare-and-timeless-as-a-secret-bloom\/","title":{"rendered":"SACRED GARDEN - \u0130pek Bandana"},"content":{"rendered":"<p>100% Silk<br \/>\nTamamen el yap\u0131m\u0131<\/p>\n<p><em>\u2022 Delivery time 2-6 days<\/em><br \/>\n<em>\u2022 Elasticated<\/em><br \/>\n<em>- \u00d6zel sorular\u0131n\u0131z i\u00e7in l\u00fctfen <a href=\"https:\/\/sibihats.com\/tr\/iletisim\/?v=ea5ee3073194\">Bize ula\u015f\u0131n<\/a><\/em><\/p>","protected":false},"excerpt":{"rendered":"<p><strong>Sacred Garden<\/strong> is not just a bandana &#8211; it\u2019s a treasure. Inspired by the beauty of hidden gardens, it carries the spirit of something sacred, rare, and unforgettable. The silk fabric flows with elegance, while the floral print and bow bring a rebellious charm. A unique piece for those who want to wear more than fashion &#8211; to wear a symbol of their own sacred style.<\/p>","protected":false},"featured_media":5908,"template":"","meta":[],"product_brand":[],"product_cat":[354],"product_tag":[],"class_list":{"0":"post-5906","1":"product","2":"type-product","3":"status-publish","4":"has-post-thumbnail","6":"product_cat-bandanas","8":"first","9":"instock","10":"purchasable","11":"product-type-variable"},"jetpack_sharing_enabled":true,"_links":{"self":[{"href":"https:\/\/sibihats.com\/tr\/wp-json\/wp\/v2\/product\/5906","targetHints":{"allow":["GET"]}}],"collection":[{"href":"https:\/\/sibihats.com\/tr\/wp-json\/wp\/v2\/product"}],"about":[{"href":"https:\/\/sibihats.com\/tr\/wp-json\/wp\/v2\/types\/product"}],"wp:featuredmedia":[{"embeddable":true,"href":"https:\/\/sibihats.com\/tr\/wp-json\/wp\/v2\/media\/5908"}],"wp:attachment":[{"href":"https:\/\/sibihats.com\/tr\/wp-json\/wp\/v2\/media?parent=5906"}],"wp:term":[{"taxonomy":"product_brand","embeddable":true,"href":"https:\/\/sibihats.com\/tr\/wp-json\/wp\/v2\/product_brand?post=5906"},{"taxonomy":"product_cat","embeddable":true,"href":"https:\/\/sibihats.com\/tr\/wp-json\/wp\/v2\/product_cat?post=5906"},{"taxonomy":"product_tag","embeddable":true,"href":"https:\/\/sibihats.com\/tr\/wp-json\/wp\/v2\/product_tag?post=5906"}],"curies":[{"name":"wp","href":"https:\/\/api.w.org\/{rel}","templated":true}]}}