{"id":5884,"date":"2024-06-05T14:22:09","date_gmt":"2024-06-05T11:22:09","guid":{"rendered":"https:\/\/sibihats.com\/?post_type=product&#038;p=5884"},"modified":"2025-07-21T01:42:27","modified_gmt":"2025-07-20T22:42:27","slug":"christine-silk-bandana","status":"publish","type":"product","link":"https:\/\/sibihats.com\/tr\/product\/christine-silk-bandana\/","title":{"rendered":"CHRISTINE &#8211; Silk Bandana"},"content":{"rendered":"<p>100% Silk<br \/>\nTamamen el yap\u0131m\u0131<\/p>\n<p>DRY CLEANING<br \/>\nHAND WASH<br \/>\nUSE STEAM IRON<\/p>\n<p><em>\u2022 Elasticated<\/em><br \/>\n<em>- \u00d6zel sorular\u0131n\u0131z i\u00e7in l\u00fctfen <a href=\"https:\/\/sibihats.com\/tr\/iletisim\/?v=ea5ee3073194\">Bize ula\u015f\u0131n<\/a><\/em><\/p>","protected":false},"excerpt":{"rendered":"<p>The bandana is emerging as a hot trend, snapped up by fashion followers of all genders to lift their looks with a rock \u2018n\u2019 roll touch or country twist that makes all the difference.<br \/>\nThis ready-to-wear silk bandana is definitely adding that rock \u2018n\u2019 roll touch combined with pure elegance adopted from its soft print, and the bow on the back.<\/p>","protected":false},"featured_media":5888,"template":"","meta":[],"product_brand":[],"product_cat":[354,350],"product_tag":[],"class_list":{"0":"post-5884","1":"product","2":"type-product","3":"status-publish","4":"has-post-thumbnail","6":"product_cat-bandanas","7":"product_cat-sale","9":"first","10":"outofstock","11":"sale","12":"purchasable","13":"product-type-simple"},"jetpack_sharing_enabled":true,"_links":{"self":[{"href":"https:\/\/sibihats.com\/tr\/wp-json\/wp\/v2\/product\/5884","targetHints":{"allow":["GET"]}}],"collection":[{"href":"https:\/\/sibihats.com\/tr\/wp-json\/wp\/v2\/product"}],"about":[{"href":"https:\/\/sibihats.com\/tr\/wp-json\/wp\/v2\/types\/product"}],"wp:featuredmedia":[{"embeddable":true,"href":"https:\/\/sibihats.com\/tr\/wp-json\/wp\/v2\/media\/5888"}],"wp:attachment":[{"href":"https:\/\/sibihats.com\/tr\/wp-json\/wp\/v2\/media?parent=5884"}],"wp:term":[{"taxonomy":"product_brand","embeddable":true,"href":"https:\/\/sibihats.com\/tr\/wp-json\/wp\/v2\/product_brand?post=5884"},{"taxonomy":"product_cat","embeddable":true,"href":"https:\/\/sibihats.com\/tr\/wp-json\/wp\/v2\/product_cat?post=5884"},{"taxonomy":"product_tag","embeddable":true,"href":"https:\/\/sibihats.com\/tr\/wp-json\/wp\/v2\/product_tag?post=5884"}],"curies":[{"name":"wp","href":"https:\/\/api.w.org\/{rel}","templated":true}]}}