{"id":5802,"date":"2024-02-08T14:55:26","date_gmt":"2024-02-08T11:55:26","guid":{"rendered":"https:\/\/sibihats.com\/?post_type=product&#038;p=5802"},"modified":"2025-02-14T14:41:26","modified_gmt":"2025-02-14T11:41:26","slug":"taylor-straw-boater-hat-ii","status":"publish","type":"product","link":"https:\/\/sibihats.com\/tr\/product\/taylor-straw-boater-hat-ii\/","title":{"rendered":"TAYLOR - Has\u0131r Kay\u0131k\u00e7\u0131 \u015eapkas\u0131 II"},"content":{"rendered":"<p>Raffia Straw<br \/>\nTamamen el yap\u0131m\u0131<\/p>\n<p><em>\u2022 Delivery time 2-5 days.<\/em><br \/>\n<em>\u2022 Adjustable size for perfect fit between two sizes.<\/em><br \/>\n<em>- \u00d6zel sorular\u0131n\u0131z i\u00e7in l\u00fctfen <a href=\"https:\/\/sibihats.com\/tr\/iletisim\/?v=ea5ee3073194\">Bize ula\u015f\u0131n.<\/a><\/em><br \/>\n<em>- SIBI \u015fapka kutusu i\u00e7inde gelir.<\/em><\/p>","protected":false},"excerpt":{"rendered":"<p>Boater hats have become a \u201cmust-have\u201d for any event. In addition to protecting you from the sun, this hand-blocked lightweight boater will add a touch of distinction and elegance to your outfit. Crafted from vented raffia straw, and trimmed with coherent black elastic ribbon.<\/p>","protected":false},"featured_media":5805,"template":"","meta":[],"product_brand":[],"product_cat":[327],"product_tag":[],"class_list":{"0":"post-5802","1":"product","2":"type-product","3":"status-publish","4":"has-post-thumbnail","6":"product_cat-straw-hats","8":"first","9":"instock","10":"purchasable","11":"product-type-simple"},"jetpack_sharing_enabled":true,"_links":{"self":[{"href":"https:\/\/sibihats.com\/tr\/wp-json\/wp\/v2\/product\/5802","targetHints":{"allow":["GET"]}}],"collection":[{"href":"https:\/\/sibihats.com\/tr\/wp-json\/wp\/v2\/product"}],"about":[{"href":"https:\/\/sibihats.com\/tr\/wp-json\/wp\/v2\/types\/product"}],"wp:featuredmedia":[{"embeddable":true,"href":"https:\/\/sibihats.com\/tr\/wp-json\/wp\/v2\/media\/5805"}],"wp:attachment":[{"href":"https:\/\/sibihats.com\/tr\/wp-json\/wp\/v2\/media?parent=5802"}],"wp:term":[{"taxonomy":"product_brand","embeddable":true,"href":"https:\/\/sibihats.com\/tr\/wp-json\/wp\/v2\/product_brand?post=5802"},{"taxonomy":"product_cat","embeddable":true,"href":"https:\/\/sibihats.com\/tr\/wp-json\/wp\/v2\/product_cat?post=5802"},{"taxonomy":"product_tag","embeddable":true,"href":"https:\/\/sibihats.com\/tr\/wp-json\/wp\/v2\/product_tag?post=5802"}],"curies":[{"name":"wp","href":"https:\/\/api.w.org\/{rel}","templated":true}]}}