{"id":5766,"date":"2023-12-22T19:05:56","date_gmt":"2023-12-22T16:05:56","guid":{"rendered":"https:\/\/sibihats.com\/?post_type=product&#038;p=5766"},"modified":"2025-07-20T23:42:36","modified_gmt":"2025-07-20T20:42:36","slug":"kabare-devekusu-sac-bandi","status":"publish","type":"product","link":"https:\/\/sibihats.com\/tr\/product\/cabaret-ostrich-headband\/","title":{"rendered":"CABARET - Deveku\u015fu Sa\u00e7 Band\u0131"},"content":{"rendered":"<p>Kafa band\u0131 trendi ger\u00e7ekten de kal\u0131c\u0131 oldu\u011funu kan\u0131tlad\u0131. Ve evet, sa\u00e7 band\u0131 gece k\u0131yafetleri i\u00e7in g\u00f6z\u00fc kapal\u0131 takip etmeniz gereken en \u00f6nemli aksesuar trendlerinden biri.<br \/>\nL\u00fcks kadife ile kaplanm\u0131\u015f ve t\u00fcylerle s\u00fcslenmi\u015f bu e\u015fsiz sa\u00e7 band\u0131 m\u00fckemmel bir parti aksesuar\u0131d\u0131r.<\/p>\n<p>S\u0130YAH<\/p>\n<p>Tamamen el yap\u0131m\u0131<\/p>\n<p><em>- Teslimat s\u00fcresi 2-6 g\u00fcn.<\/em><br \/>\n<em>- Tek beden.<\/em><br \/>\n<em>- \u00d6zel sorular\u0131n\u0131z i\u00e7in l\u00fctfen <a href=\"https:\/\/sibihats.com\/tr\/iletisim\/?v=ea5ee3073194\">Bize ula\u015f\u0131n.<\/a><\/em><\/p>","protected":false},"excerpt":{"rendered":"<p>The headband trend has really proved that it&#8217;s here to stay. And yes, a headband it is one of the key accessory trends for evening wear that you must follow blindly. Covered in luxurious velvet, and decorated with fountain of feathers, this unique headband is a perfect party accessory. BLACK Fully handmade \u2022 Delivery time [&#8230;]\n","protected":false},"featured_media":5768,"template":"","meta":[],"product_brand":[],"product_cat":[360,350],"product_tag":[],"class_list":{"0":"post-5766","1":"product","2":"type-product","3":"status-publish","4":"has-post-thumbnail","6":"product_cat-headbands","7":"product_cat-sale","9":"first","10":"instock","11":"sale","12":"purchasable","13":"product-type-simple"},"jetpack_sharing_enabled":true,"_links":{"self":[{"href":"https:\/\/sibihats.com\/tr\/wp-json\/wp\/v2\/product\/5766","targetHints":{"allow":["GET"]}}],"collection":[{"href":"https:\/\/sibihats.com\/tr\/wp-json\/wp\/v2\/product"}],"about":[{"href":"https:\/\/sibihats.com\/tr\/wp-json\/wp\/v2\/types\/product"}],"wp:featuredmedia":[{"embeddable":true,"href":"https:\/\/sibihats.com\/tr\/wp-json\/wp\/v2\/media\/5768"}],"wp:attachment":[{"href":"https:\/\/sibihats.com\/tr\/wp-json\/wp\/v2\/media?parent=5766"}],"wp:term":[{"taxonomy":"product_brand","embeddable":true,"href":"https:\/\/sibihats.com\/tr\/wp-json\/wp\/v2\/product_brand?post=5766"},{"taxonomy":"product_cat","embeddable":true,"href":"https:\/\/sibihats.com\/tr\/wp-json\/wp\/v2\/product_cat?post=5766"},{"taxonomy":"product_tag","embeddable":true,"href":"https:\/\/sibihats.com\/tr\/wp-json\/wp\/v2\/product_tag?post=5766"}],"curies":[{"name":"wp","href":"https:\/\/api.w.org\/{rel}","templated":true}]}}