{"id":5751,"date":"2023-12-20T12:15:31","date_gmt":"2023-12-20T09:15:31","guid":{"rendered":"https:\/\/sibihats.com\/?post_type=product&#038;p=5751"},"modified":"2025-02-14T09:31:45","modified_gmt":"2025-02-14T06:31:45","slug":"liz-silk-brocade-beret-hat","status":"publish","type":"product","link":"https:\/\/sibihats.com\/tr\/product\/liz-silk-brocade-beret-hat\/","title":{"rendered":"LIZ &#8211; Silk Brocade Beret Hat"},"content":{"rendered":"<p>There&#8217;s no denying that the beret has been around for decades. Wearing a beret hat is an immediate way to tell everyone that you know fashion and you know style. This silk brocade French-style beret hat is a simple addition to your outfit that shows that you have a true high-class fashion style in you.<\/p>\n<p>GOLD<br \/>\nTamamen el yap\u0131m\u0131<\/p>\n<p><em>\u2022 Delivery time 3-6 days.<\/em><br \/>\n<em>\u2022 Adjustable size.<\/em><br \/>\n<em>- \u00d6zel sorular\u0131n\u0131z i\u00e7in l\u00fctfen <a href=\"https:\/\/sibihats.com\/tr\/iletisim\/?v=ea5ee3073194\">Bize ula\u015f\u0131n.<\/a><\/em><\/p>","protected":false},"excerpt":{"rendered":"<p>There&#8217;s no denying that the beret has been around for decades. Wearing a beret hat is an immediate way to tell everyone that you know fashion and you know style. This silk brocade French-style beret hat is a simple addition to your outfit that shows that you have a true high-class fashion style in you. [&#8230;]\n","protected":false},"featured_media":5755,"template":"","meta":[],"product_brand":[],"product_cat":[353,350],"product_tag":[],"class_list":{"0":"post-5751","1":"product","2":"type-product","3":"status-publish","4":"has-post-thumbnail","6":"product_cat-resort","7":"product_cat-sale","9":"first","10":"instock","11":"sale","12":"purchasable","13":"product-type-simple"},"jetpack_sharing_enabled":true,"_links":{"self":[{"href":"https:\/\/sibihats.com\/tr\/wp-json\/wp\/v2\/product\/5751","targetHints":{"allow":["GET"]}}],"collection":[{"href":"https:\/\/sibihats.com\/tr\/wp-json\/wp\/v2\/product"}],"about":[{"href":"https:\/\/sibihats.com\/tr\/wp-json\/wp\/v2\/types\/product"}],"wp:featuredmedia":[{"embeddable":true,"href":"https:\/\/sibihats.com\/tr\/wp-json\/wp\/v2\/media\/5755"}],"wp:attachment":[{"href":"https:\/\/sibihats.com\/tr\/wp-json\/wp\/v2\/media?parent=5751"}],"wp:term":[{"taxonomy":"product_brand","embeddable":true,"href":"https:\/\/sibihats.com\/tr\/wp-json\/wp\/v2\/product_brand?post=5751"},{"taxonomy":"product_cat","embeddable":true,"href":"https:\/\/sibihats.com\/tr\/wp-json\/wp\/v2\/product_cat?post=5751"},{"taxonomy":"product_tag","embeddable":true,"href":"https:\/\/sibihats.com\/tr\/wp-json\/wp\/v2\/product_tag?post=5751"}],"curies":[{"name":"wp","href":"https:\/\/api.w.org\/{rel}","templated":true}]}}