{"id":5587,"date":"2023-11-12T11:02:03","date_gmt":"2023-11-12T08:02:03","guid":{"rendered":"https:\/\/sibihats.com\/?post_type=product&#038;p=5587"},"modified":"2025-07-21T11:54:19","modified_gmt":"2025-07-21T08:54:19","slug":"green-autumn-floral-headband","status":"publish","type":"product","link":"https:\/\/sibihats.com\/tr\/product\/green-autumn-floral-headband\/","title":{"rendered":"YE\u015e\u0130L SONBAHAR - \u00c7i\u00e7ekli Sa\u00e7 Band\u0131"},"content":{"rendered":"<p><em>- Teslimat s\u00fcresi 2-6 g\u00fcn.<\/em><br \/>\n<em>- Tamamen El Yap\u0131m\u0131.<\/em><br \/>\n<em>- Tek beden.<\/em><br \/>\n<em>- \u00d6zel sorular\u0131n\u0131z i\u00e7in l\u00fctfen <a href=\"https:\/\/sibihats.com\/tr\/iletisim\/?v=ea5ee3073194\">Bize ula\u015f\u0131n.<\/a><\/em><\/p>","protected":false},"excerpt":{"rendered":"<p>Let us introduce the Green Autumn headband, a labor of love.<br \/>\nThe rich green hues and romantic floral print make it the perfect choice for a touch of natural grace under the evening lights. Crowned with a wide, plush velvet bow, this headband embraces the beauty of nature with its natural charm.<\/p>","protected":false},"featured_media":5590,"template":"","meta":[],"product_brand":[],"product_cat":[360,350],"product_tag":[],"class_list":{"0":"post-5587","1":"product","2":"type-product","3":"status-publish","4":"has-post-thumbnail","6":"product_cat-headbands","7":"product_cat-sale","9":"first","10":"instock","11":"sale","12":"purchasable","13":"product-type-simple"},"jetpack_sharing_enabled":true,"_links":{"self":[{"href":"https:\/\/sibihats.com\/tr\/wp-json\/wp\/v2\/product\/5587","targetHints":{"allow":["GET"]}}],"collection":[{"href":"https:\/\/sibihats.com\/tr\/wp-json\/wp\/v2\/product"}],"about":[{"href":"https:\/\/sibihats.com\/tr\/wp-json\/wp\/v2\/types\/product"}],"wp:featuredmedia":[{"embeddable":true,"href":"https:\/\/sibihats.com\/tr\/wp-json\/wp\/v2\/media\/5590"}],"wp:attachment":[{"href":"https:\/\/sibihats.com\/tr\/wp-json\/wp\/v2\/media?parent=5587"}],"wp:term":[{"taxonomy":"product_brand","embeddable":true,"href":"https:\/\/sibihats.com\/tr\/wp-json\/wp\/v2\/product_brand?post=5587"},{"taxonomy":"product_cat","embeddable":true,"href":"https:\/\/sibihats.com\/tr\/wp-json\/wp\/v2\/product_cat?post=5587"},{"taxonomy":"product_tag","embeddable":true,"href":"https:\/\/sibihats.com\/tr\/wp-json\/wp\/v2\/product_tag?post=5587"}],"curies":[{"name":"wp","href":"https:\/\/api.w.org\/{rel}","templated":true}]}}