{"id":5498,"date":"2023-07-28T13:33:45","date_gmt":"2023-07-28T10:33:45","guid":{"rendered":"https:\/\/sibihats.com\/?post_type=product&#038;p=5498"},"modified":"2024-05-15T19:50:37","modified_gmt":"2024-05-15T16:50:37","slug":"catch-me-silk-headband","status":"publish","type":"product","link":"https:\/\/sibihats.com\/tr\/product\/catch-me-silk-headband\/","title":{"rendered":"CATCH ME - \u0130pek Fiyonklu Sa\u00e7 Band\u0131"},"content":{"rendered":"<p>We can\u2019t deny that headbands are having a major moment during the last few years. The headband trend has really proved that it&#8217;s here to stay.<br \/>\nThis very classic style headband is one of the most &#8221;BOWTIFUL&#8221; ways that perfectly complete any look.<\/p>\n<p>S\u0130YAH<\/p>\n<p>Tamamen el yap\u0131m\u0131<\/p>\n<p><em>- Teslimat s\u00fcresi 2-6 g\u00fcn.<\/em><br \/>\n<em>- Tek beden.<\/em><br \/>\n<em>- \u00d6zel sorular\u0131n\u0131z i\u00e7in l\u00fctfen <a href=\"https:\/\/sibihats.com\/tr\/iletisim\/?v=ea5ee3073194\">Bize ula\u015f\u0131n.<\/a><\/em><\/p>","protected":false},"excerpt":{"rendered":"<p>We can\u2019t deny that headbands are having a major moment during the last few years. The headband trend has really proved that it&#8217;s here to stay. This very classic style headband is one of the most &#8221;BOWTIFUL&#8221; ways that perfectly complete any look. BLACK Fully handmade \u2022 Delivery time 2-6 days. \u2022 One size. \u2022 [&#8230;]\n","protected":false},"featured_media":5499,"template":"","meta":[],"product_brand":[],"product_cat":[360],"product_tag":[],"class_list":{"0":"post-5498","1":"product","2":"type-product","3":"status-publish","4":"has-post-thumbnail","6":"product_cat-headbands","8":"first","9":"instock","10":"purchasable","11":"product-type-simple"},"jetpack_sharing_enabled":true,"_links":{"self":[{"href":"https:\/\/sibihats.com\/tr\/wp-json\/wp\/v2\/product\/5498","targetHints":{"allow":["GET"]}}],"collection":[{"href":"https:\/\/sibihats.com\/tr\/wp-json\/wp\/v2\/product"}],"about":[{"href":"https:\/\/sibihats.com\/tr\/wp-json\/wp\/v2\/types\/product"}],"wp:featuredmedia":[{"embeddable":true,"href":"https:\/\/sibihats.com\/tr\/wp-json\/wp\/v2\/media\/5499"}],"wp:attachment":[{"href":"https:\/\/sibihats.com\/tr\/wp-json\/wp\/v2\/media?parent=5498"}],"wp:term":[{"taxonomy":"product_brand","embeddable":true,"href":"https:\/\/sibihats.com\/tr\/wp-json\/wp\/v2\/product_brand?post=5498"},{"taxonomy":"product_cat","embeddable":true,"href":"https:\/\/sibihats.com\/tr\/wp-json\/wp\/v2\/product_cat?post=5498"},{"taxonomy":"product_tag","embeddable":true,"href":"https:\/\/sibihats.com\/tr\/wp-json\/wp\/v2\/product_tag?post=5498"}],"curies":[{"name":"wp","href":"https:\/\/api.w.org\/{rel}","templated":true}]}}