{"id":5462,"date":"2023-03-13T13:42:47","date_gmt":"2023-03-13T10:42:47","guid":{"rendered":"https:\/\/sibihats.com\/?post_type=product&#038;p=5462"},"modified":"2025-02-14T14:45:25","modified_gmt":"2025-02-14T11:45:25","slug":"pembe-drama-hasir-fotr-sapka","status":"publish","type":"product","link":"https:\/\/sibihats.com\/tr\/product\/pink-drama-straw-fedora-hat\/","title":{"rendered":"PINK DRAMA - Has\u0131r F\u00f6tr \u015eapka"},"content":{"rendered":"<p><em>- Rafya Has\u0131r.<\/em><\/p>\n<p><em>- Tamamen El Yap\u0131m\u0131.<\/em><br \/>\n<em>- M\u00fckemmel Uyum i\u00e7in Boyutu Ayarlanabilir \u015eerit.<\/em><br \/>\n<em>- \u00d6zel sorular\u0131n\u0131z i\u00e7in l\u00fctfen\u00a0<a href=\"https:\/\/sibihats.com\/tr\/iletisim\/?v=ea5ee3073194\">Bize ula\u015f\u0131n.<\/a><\/em><br \/>\n<em>- SIBI \u015fapka kutusu i\u00e7inde gelir.<\/em><\/p>","protected":false},"excerpt":{"rendered":"<p>\u015eapkalar Ger\u00e7ekten de Bir Kad\u0131n\u0131n Ta\u00e7land\u0131r\u0131lm\u0131\u015f \u0130hti\u015fam\u0131d\u0131r. Biraz pembe ve alt\u0131n rengi eklenirse ta\u00e7lara gerek kalmaz, de\u011fil mi?<\/p>\n<p>Bu yar\u0131 sert f\u00f6tr \u015fapka do\u011fal rafya has\u0131r\u0131ndan \u00fcretilmi\u015f ve nadir bulunan vintage dokuma kurdele ile s\u00fcslenmi\u015ftir.<\/p>","protected":false},"featured_media":4672,"template":"","meta":[],"product_brand":[],"product_cat":[327],"product_tag":[],"class_list":{"0":"post-5462","1":"product","2":"type-product","3":"status-publish","4":"has-post-thumbnail","6":"product_cat-straw-hats","8":"first","9":"instock","10":"purchasable","11":"product-type-simple"},"jetpack_sharing_enabled":true,"_links":{"self":[{"href":"https:\/\/sibihats.com\/tr\/wp-json\/wp\/v2\/product\/5462","targetHints":{"allow":["GET"]}}],"collection":[{"href":"https:\/\/sibihats.com\/tr\/wp-json\/wp\/v2\/product"}],"about":[{"href":"https:\/\/sibihats.com\/tr\/wp-json\/wp\/v2\/types\/product"}],"wp:featuredmedia":[{"embeddable":true,"href":"https:\/\/sibihats.com\/tr\/wp-json\/wp\/v2\/media\/4672"}],"wp:attachment":[{"href":"https:\/\/sibihats.com\/tr\/wp-json\/wp\/v2\/media?parent=5462"}],"wp:term":[{"taxonomy":"product_brand","embeddable":true,"href":"https:\/\/sibihats.com\/tr\/wp-json\/wp\/v2\/product_brand?post=5462"},{"taxonomy":"product_cat","embeddable":true,"href":"https:\/\/sibihats.com\/tr\/wp-json\/wp\/v2\/product_cat?post=5462"},{"taxonomy":"product_tag","embeddable":true,"href":"https:\/\/sibihats.com\/tr\/wp-json\/wp\/v2\/product_tag?post=5462"}],"curies":[{"name":"wp","href":"https:\/\/api.w.org\/{rel}","templated":true}]}}