{"id":5432,"date":"2023-02-13T08:47:21","date_gmt":"2023-02-13T05:47:21","guid":{"rendered":"https:\/\/sibihats.com\/?post_type=product&#038;p=5432"},"modified":"2025-05-25T14:35:28","modified_gmt":"2025-05-25T11:35:28","slug":"blossom-silk-bandana-2","status":"publish","type":"product","link":"https:\/\/sibihats.com\/tr\/product\/blossom-silk-bandana-2\/","title":{"rendered":"BLOSSOM &#8211; Silk Bandana"},"content":{"rendered":"<p>The bandana is emerging as a hot trend for 2021\/22, snapped up by fashion followers of all genders to lift their looks with a rock \u2018n\u2019 roll touch or country twist that makes all the difference. The accessory is now proving popular in its original form, worn as a scarf around the head to create different looks.<br \/>\nThis ready-to-wear silk bandana is definitely adding that rock \u2018n\u2019 roll touch, combined with pure elegance adopted from its flower print, and the bow on the back.<\/p>\n<p>&nbsp;<\/p>\n<p>MULTICOLOR<\/p>\n<p>100% Silk<br \/>\nTamamen el yap\u0131m\u0131<\/p>\n<p><em>\u2022 Delivery time 2-6 days<\/em><br \/>\n<em>\u2022 Elasticated<\/em><br \/>\n<em>- \u00d6zel sorular\u0131n\u0131z i\u00e7in l\u00fctfen <a href=\"https:\/\/sibihats.com\/tr\/iletisim\/?v=ea5ee3073194\">Bize ula\u015f\u0131n<\/a><\/em><\/p>","protected":false},"excerpt":{"rendered":"<p>The bandana is emerging as a hot trend for 2021\/22, snapped up by fashion followers of all genders to lift their looks with a rock \u2018n\u2019 roll touch or country twist that makes all the difference. The accessory is now proving popular in its original form, worn as a scarf around the head to create [&#8230;]\n","protected":false},"featured_media":4546,"template":"","meta":[],"product_brand":[],"product_cat":[354],"product_tag":[],"class_list":{"0":"post-5432","1":"product","2":"type-product","3":"status-publish","4":"has-post-thumbnail","6":"product_cat-bandanas","8":"first","9":"outofstock","10":"sale","11":"purchasable","12":"product-type-simple"},"jetpack_sharing_enabled":true,"_links":{"self":[{"href":"https:\/\/sibihats.com\/tr\/wp-json\/wp\/v2\/product\/5432","targetHints":{"allow":["GET"]}}],"collection":[{"href":"https:\/\/sibihats.com\/tr\/wp-json\/wp\/v2\/product"}],"about":[{"href":"https:\/\/sibihats.com\/tr\/wp-json\/wp\/v2\/types\/product"}],"wp:featuredmedia":[{"embeddable":true,"href":"https:\/\/sibihats.com\/tr\/wp-json\/wp\/v2\/media\/4546"}],"wp:attachment":[{"href":"https:\/\/sibihats.com\/tr\/wp-json\/wp\/v2\/media?parent=5432"}],"wp:term":[{"taxonomy":"product_brand","embeddable":true,"href":"https:\/\/sibihats.com\/tr\/wp-json\/wp\/v2\/product_brand?post=5432"},{"taxonomy":"product_cat","embeddable":true,"href":"https:\/\/sibihats.com\/tr\/wp-json\/wp\/v2\/product_cat?post=5432"},{"taxonomy":"product_tag","embeddable":true,"href":"https:\/\/sibihats.com\/tr\/wp-json\/wp\/v2\/product_tag?post=5432"}],"curies":[{"name":"wp","href":"https:\/\/api.w.org\/{rel}","templated":true}]}}