{"id":5425,"date":"2023-02-08T09:33:55","date_gmt":"2023-02-08T06:33:55","guid":{"rendered":"https:\/\/sibihats.com\/?post_type=product&#038;p=5425"},"modified":"2025-02-14T09:32:14","modified_gmt":"2025-02-14T06:32:14","slug":"retro-summer-cotton-bandana","status":"publish","type":"product","link":"https:\/\/sibihats.com\/tr\/product\/retro-summer-cotton-bandana\/","title":{"rendered":"RETRO SUMMER &#8211; Cotton Bandana"},"content":{"rendered":"<p>The bandana is emerging as a hot trend for 2021\/22, snapped up by fashion followers of all genders to lift their looks with a rock \u2018n\u2019 roll touch or country twist that makes all the difference. The accessory is now proving popular in its original form, worn as a\u00a0scarf\u00a0around the head to create different looks.<br \/>\nThis ready-to-wear bandana was crafted from a lightweight silky cotton.<\/p>\n<p>&nbsp;<\/p>\n<p>RED POLKA DOT<\/p>\n<p>100% Cotton<br \/>\nTamamen el yap\u0131m\u0131<\/p>\n<p><em>\u2022 Delivery time 2-6 days<\/em><br \/>\n<em>\u2022 Elasticated<\/em><br \/>\n<em>- \u00d6zel sorular\u0131n\u0131z i\u00e7in l\u00fctfen <a href=\"https:\/\/sibihats.com\/tr\/iletisim\/?v=ea5ee3073194\">Bize ula\u015f\u0131n<\/a><\/em><\/p>","protected":false},"excerpt":{"rendered":"<p>The bandana is emerging as a hot trend for 2021\/22, snapped up by fashion followers of all genders to lift their looks with a rock \u2018n\u2019 roll touch or country twist that makes all the difference. The accessory is now proving popular in its original form, worn as a\u00a0scarf\u00a0around the head to create different looks. [&#8230;]\n","protected":false},"featured_media":5426,"template":"","meta":[],"product_brand":[],"product_cat":[354,350],"product_tag":[],"class_list":{"0":"post-5425","1":"product","2":"type-product","3":"status-publish","4":"has-post-thumbnail","6":"product_cat-bandanas","7":"product_cat-sale","9":"first","10":"instock","11":"sale","12":"purchasable","13":"product-type-simple"},"jetpack_sharing_enabled":true,"_links":{"self":[{"href":"https:\/\/sibihats.com\/tr\/wp-json\/wp\/v2\/product\/5425","targetHints":{"allow":["GET"]}}],"collection":[{"href":"https:\/\/sibihats.com\/tr\/wp-json\/wp\/v2\/product"}],"about":[{"href":"https:\/\/sibihats.com\/tr\/wp-json\/wp\/v2\/types\/product"}],"wp:featuredmedia":[{"embeddable":true,"href":"https:\/\/sibihats.com\/tr\/wp-json\/wp\/v2\/media\/5426"}],"wp:attachment":[{"href":"https:\/\/sibihats.com\/tr\/wp-json\/wp\/v2\/media?parent=5425"}],"wp:term":[{"taxonomy":"product_brand","embeddable":true,"href":"https:\/\/sibihats.com\/tr\/wp-json\/wp\/v2\/product_brand?post=5425"},{"taxonomy":"product_cat","embeddable":true,"href":"https:\/\/sibihats.com\/tr\/wp-json\/wp\/v2\/product_cat?post=5425"},{"taxonomy":"product_tag","embeddable":true,"href":"https:\/\/sibihats.com\/tr\/wp-json\/wp\/v2\/product_tag?post=5425"}],"curies":[{"name":"wp","href":"https:\/\/api.w.org\/{rel}","templated":true}]}}