{"id":5355,"date":"2022-12-06T17:19:57","date_gmt":"2022-12-06T14:19:57","guid":{"rendered":"https:\/\/sibihats.com\/?post_type=product&#038;p=5355"},"modified":"2024-01-25T16:13:23","modified_gmt":"2024-01-25T13:13:23","slug":"call-me-rosy-silk-headband-2","status":"publish","type":"product","link":"https:\/\/sibihats.com\/tr\/product\/call-me-rosy-silk-headband-2\/","title":{"rendered":"CALL ME ROSY - Turuncu \u0130pek Sa\u00e7 Band\u0131"},"content":{"rendered":"<p>Sa\u00e7 bantlar\u0131n\u0131n son birka\u00e7 y\u0131ld\u0131r b\u00fcy\u00fck bir ivme kazand\u0131\u011f\u0131n\u0131 inkar edemeyiz.<br \/>\nOnlar ger\u00e7ekten bir kad\u0131n\u0131n ta\u00e7land\u0131r\u0131c\u0131 ihti\u015fam\u0131d\u0131r.<br \/>\n\u00c7i\u00e7ekler eklenirse ta\u00e7lara gerek kalmaz, de\u011fil mi?<br \/>\nThis elegant headband was crafted from silk dupion in bright orange.<\/p>\n<p>ORANGE<\/p>\n<p>Tamamen el yap\u0131m\u0131<\/p>\n<p><em>- Teslimat s\u00fcresi 2-6 g\u00fcn.<\/em><br \/>\n<em>- Tek beden.<\/em><br \/>\n<em>- \u00d6zel sorular\u0131n\u0131z i\u00e7in l\u00fctfen <a href=\"https:\/\/sibihats.com\/tr\/iletisim\/?v=ea5ee3073194\">Bize ula\u015f\u0131n.<\/a><\/em><\/p>","protected":false},"excerpt":{"rendered":"<p>We can\u2019t deny that headbands are having a major moment during the last few years. They Really Are A Woman\u2019s, Crowning Glory. If there are flowers added there would be no more need for tiaras right? This elegant headband was crafted from silk dupion in bright orange. ORANGE Fully handmade \u2022 Delivery time 2-6 days. [&#8230;]\n","protected":false},"featured_media":5356,"template":"","meta":[],"product_brand":[],"product_cat":[360],"product_tag":[],"class_list":{"0":"post-5355","1":"product","2":"type-product","3":"status-publish","4":"has-post-thumbnail","6":"product_cat-headbands","8":"first","9":"instock","10":"purchasable","11":"product-type-simple"},"jetpack_sharing_enabled":true,"_links":{"self":[{"href":"https:\/\/sibihats.com\/tr\/wp-json\/wp\/v2\/product\/5355","targetHints":{"allow":["GET"]}}],"collection":[{"href":"https:\/\/sibihats.com\/tr\/wp-json\/wp\/v2\/product"}],"about":[{"href":"https:\/\/sibihats.com\/tr\/wp-json\/wp\/v2\/types\/product"}],"wp:featuredmedia":[{"embeddable":true,"href":"https:\/\/sibihats.com\/tr\/wp-json\/wp\/v2\/media\/5356"}],"wp:attachment":[{"href":"https:\/\/sibihats.com\/tr\/wp-json\/wp\/v2\/media?parent=5355"}],"wp:term":[{"taxonomy":"product_brand","embeddable":true,"href":"https:\/\/sibihats.com\/tr\/wp-json\/wp\/v2\/product_brand?post=5355"},{"taxonomy":"product_cat","embeddable":true,"href":"https:\/\/sibihats.com\/tr\/wp-json\/wp\/v2\/product_cat?post=5355"},{"taxonomy":"product_tag","embeddable":true,"href":"https:\/\/sibihats.com\/tr\/wp-json\/wp\/v2\/product_tag?post=5355"}],"curies":[{"name":"wp","href":"https:\/\/api.w.org\/{rel}","templated":true}]}}