{"id":5352,"date":"2022-12-06T16:53:42","date_gmt":"2022-12-06T13:53:42","guid":{"rendered":"https:\/\/sibihats.com\/?post_type=product&#038;p=5352"},"modified":"2026-04-20T13:14:07","modified_gmt":"2026-04-20T10:14:07","slug":"masha-black-shiny-tweed-bandana","status":"publish","type":"product","link":"https:\/\/sibihats.com\/tr\/product\/masha-black-shiny-tweed-bandana\/","title":{"rendered":"MASHA &#8211; Black Shiny Tweed Bandana"},"content":{"rendered":"<p>Today\u2019s hair accessory trends are anything but straightforward with bandanas. Ensure that your wardrobe is up to date with this winter bandana for perfect bohemian accent to any look.<br \/>\nMasha bandana was crafted from a shiny tweed in black, elasticated on the back for extra comfort.<\/p>\n<p>&nbsp;<\/p>\n<p>S\u0130YAH<\/p>\n<p>70% Polyester 30% Cotton<br \/>\nTamamen el yap\u0131m\u0131<\/p>\n<p>Hand Wash or Dry Cleaning<\/p>\n<p><em>\u2022 Delivery time 2-6 days<\/em><br \/>\n<em>\u2022 Elasticated<\/em><br \/>\n<em>- \u00d6zel sorular\u0131n\u0131z i\u00e7in l\u00fctfen <a href=\"https:\/\/sibihats.com\/tr\/iletisim\/?v=ea5ee3073194\">Bize ula\u015f\u0131n<\/a><\/em><\/p>","protected":false},"excerpt":{"rendered":"<p>Today\u2019s hair accessory trends are anything but straightforward with bandanas. Ensure that your wardrobe is up to date with this winter bandana for perfect bohemian accent to any look. Masha bandana was crafted from a shiny tweed in black, elasticated on the back for extra comfort. &nbsp; BLACK 70% Polyester 30% Cotton Fully handmade Hand [&#8230;]\n","protected":false},"featured_media":5353,"template":"","meta":[],"product_brand":[],"product_cat":[354,350],"product_tag":[],"class_list":{"0":"post-5352","1":"product","2":"type-product","3":"status-publish","4":"has-post-thumbnail","6":"product_cat-bandanas","7":"product_cat-sale","9":"first","10":"instock","11":"sale","12":"purchasable","13":"product-type-simple"},"jetpack_sharing_enabled":true,"_links":{"self":[{"href":"https:\/\/sibihats.com\/tr\/wp-json\/wp\/v2\/product\/5352","targetHints":{"allow":["GET"]}}],"collection":[{"href":"https:\/\/sibihats.com\/tr\/wp-json\/wp\/v2\/product"}],"about":[{"href":"https:\/\/sibihats.com\/tr\/wp-json\/wp\/v2\/types\/product"}],"wp:featuredmedia":[{"embeddable":true,"href":"https:\/\/sibihats.com\/tr\/wp-json\/wp\/v2\/media\/5353"}],"wp:attachment":[{"href":"https:\/\/sibihats.com\/tr\/wp-json\/wp\/v2\/media?parent=5352"}],"wp:term":[{"taxonomy":"product_brand","embeddable":true,"href":"https:\/\/sibihats.com\/tr\/wp-json\/wp\/v2\/product_brand?post=5352"},{"taxonomy":"product_cat","embeddable":true,"href":"https:\/\/sibihats.com\/tr\/wp-json\/wp\/v2\/product_cat?post=5352"},{"taxonomy":"product_tag","embeddable":true,"href":"https:\/\/sibihats.com\/tr\/wp-json\/wp\/v2\/product_tag?post=5352"}],"curies":[{"name":"wp","href":"https:\/\/api.w.org\/{rel}","templated":true}]}}