{"id":5346,"date":"2022-12-06T15:50:34","date_gmt":"2022-12-06T12:50:34","guid":{"rendered":"https:\/\/sibihats.com\/?post_type=product&#038;p=5346"},"modified":"2025-02-16T13:07:23","modified_gmt":"2025-02-16T10:07:23","slug":"masha-black-tartan-wool-bandana-2","status":"publish","type":"product","link":"https:\/\/sibihats.com\/tr\/product\/masha-black-tartan-wool-bandana-2\/","title":{"rendered":"MASHA &#8211; Black Tartan Wool Bandana"},"content":{"rendered":"<p>Today\u2019s hair accessory trends are anything but straightforward with bandanas. Ensure that your wardrobe is up to date with this winter bandana for perfect bohemian accent to any look.<br \/>\nMasha bandana was crafted from a fine tartan wool, elasticated on the back for extra comfort.<br \/>\nComplete your style with matching <a href=\"https:\/\/sibihats.com\/tr\/urun\/jennifer-tartan-clutch-bag\/?v=ea5ee3073194\">Jennifer Tartan Wool Clutch Bag<\/a>.<\/p>\n<p>&nbsp;<\/p>\n<p>BLACK\/MULTICOLOR<\/p>\n<p>100% Wool<br \/>\nTamamen el yap\u0131m\u0131<\/p>\n<p>Hand Wash or Dry Cleaning<\/p>\n<p><em>\u2022 Delivery time 2-6 days<\/em><br \/>\n<em>\u2022 Elasticated<\/em><br \/>\n<em>- \u00d6zel sorular\u0131n\u0131z i\u00e7in l\u00fctfen <a href=\"https:\/\/sibihats.com\/tr\/iletisim\/?v=ea5ee3073194\">Bize ula\u015f\u0131n<\/a><\/em><\/p>","protected":false},"excerpt":{"rendered":"<p>Today\u2019s hair accessory trends are anything but straightforward with bandanas. Ensure that your wardrobe is up to date with this winter bandana for perfect bohemian accent to any look. Masha bandana was crafted from a fine tartan wool, elasticated on the back for extra comfort. Complete your style with matching Jennifer Tartan Wool Clutch Bag. [&#8230;]\n","protected":false},"featured_media":5348,"template":"","meta":[],"product_brand":[],"product_cat":[354,350],"product_tag":[],"class_list":{"0":"post-5346","1":"product","2":"type-product","3":"status-publish","4":"has-post-thumbnail","6":"product_cat-bandanas","7":"product_cat-sale","9":"first","10":"instock","11":"sale","12":"purchasable","13":"product-type-simple"},"jetpack_sharing_enabled":true,"_links":{"self":[{"href":"https:\/\/sibihats.com\/tr\/wp-json\/wp\/v2\/product\/5346","targetHints":{"allow":["GET"]}}],"collection":[{"href":"https:\/\/sibihats.com\/tr\/wp-json\/wp\/v2\/product"}],"about":[{"href":"https:\/\/sibihats.com\/tr\/wp-json\/wp\/v2\/types\/product"}],"wp:featuredmedia":[{"embeddable":true,"href":"https:\/\/sibihats.com\/tr\/wp-json\/wp\/v2\/media\/5348"}],"wp:attachment":[{"href":"https:\/\/sibihats.com\/tr\/wp-json\/wp\/v2\/media?parent=5346"}],"wp:term":[{"taxonomy":"product_brand","embeddable":true,"href":"https:\/\/sibihats.com\/tr\/wp-json\/wp\/v2\/product_brand?post=5346"},{"taxonomy":"product_cat","embeddable":true,"href":"https:\/\/sibihats.com\/tr\/wp-json\/wp\/v2\/product_cat?post=5346"},{"taxonomy":"product_tag","embeddable":true,"href":"https:\/\/sibihats.com\/tr\/wp-json\/wp\/v2\/product_tag?post=5346"}],"curies":[{"name":"wp","href":"https:\/\/api.w.org\/{rel}","templated":true}]}}