{"id":5219,"date":"2022-11-09T22:18:20","date_gmt":"2022-11-09T19:18:20","guid":{"rendered":"https:\/\/sibihats.com\/?post_type=product&#038;p=5219"},"modified":"2025-02-14T09:38:34","modified_gmt":"2025-02-14T06:38:34","slug":"drama-blue-jacquard-headband","status":"publish","type":"product","link":"https:\/\/sibihats.com\/tr\/product\/drama-blue-jacquard-headband\/","title":{"rendered":"DRAMA - Mavi Jakarl\u0131 Sa\u00e7 Band\u0131"},"content":{"rendered":"<p>We can\u2019t deny that headbands are having a major moment during the last few years. The headband trend has really proved that it&#8217;s here to stay.<br \/>\nThis baroque style headband is one of the most &#8221;Bowtiful&#8221; ways that perfectly complete your trendy look.<\/p>\n<p>DARK BLUE<br \/>\nTamamen el yap\u0131m\u0131<\/p>\n<p>\u2022 Delivery time 1-3 days.<br \/>\n- \u00d6zel sorular\u0131n\u0131z i\u00e7in l\u00fctfen <a href=\"\/tr\/customercare@sibihats.com\/\">Bize ula\u015f\u0131n.<\/a><br \/>\n\u2022 Dry cleaning.<br \/>\n\u2022 Comes in SIBI hat box.<\/p>","protected":false},"excerpt":{"rendered":"<p>We can\u2019t deny that headbands are having a major moment during the last few years. The headband trend has really proved that it&#8217;s here to stay. This baroque style headband is one of the most &#8221;Bowtiful&#8221; ways that perfectly complete your trendy look. DARK BLUE Fully handmade \u2022 Delivery time 1-3 days. \u2022 For special [&#8230;]\n","protected":false},"featured_media":5220,"template":"","meta":[],"product_brand":[],"product_cat":[360,350],"product_tag":[],"class_list":{"0":"post-5219","1":"product","2":"type-product","3":"status-publish","4":"has-post-thumbnail","6":"product_cat-headbands","7":"product_cat-sale","8":"pa_brand-sibi-hats","10":"first","11":"outofstock","12":"sale","13":"taxable","14":"shipping-taxable","15":"purchasable","16":"product-type-simple"},"jetpack_sharing_enabled":true,"_links":{"self":[{"href":"https:\/\/sibihats.com\/tr\/wp-json\/wp\/v2\/product\/5219","targetHints":{"allow":["GET"]}}],"collection":[{"href":"https:\/\/sibihats.com\/tr\/wp-json\/wp\/v2\/product"}],"about":[{"href":"https:\/\/sibihats.com\/tr\/wp-json\/wp\/v2\/types\/product"}],"wp:featuredmedia":[{"embeddable":true,"href":"https:\/\/sibihats.com\/tr\/wp-json\/wp\/v2\/media\/5220"}],"wp:attachment":[{"href":"https:\/\/sibihats.com\/tr\/wp-json\/wp\/v2\/media?parent=5219"}],"wp:term":[{"taxonomy":"product_brand","embeddable":true,"href":"https:\/\/sibihats.com\/tr\/wp-json\/wp\/v2\/product_brand?post=5219"},{"taxonomy":"product_cat","embeddable":true,"href":"https:\/\/sibihats.com\/tr\/wp-json\/wp\/v2\/product_cat?post=5219"},{"taxonomy":"product_tag","embeddable":true,"href":"https:\/\/sibihats.com\/tr\/wp-json\/wp\/v2\/product_tag?post=5219"}],"curies":[{"name":"wp","href":"https:\/\/api.w.org\/{rel}","templated":true}]}}