{"id":5201,"date":"2022-11-09T19:00:39","date_gmt":"2022-11-09T16:00:39","guid":{"rendered":"https:\/\/sibihats.com\/?post_type=product&#038;p=5201"},"modified":"2025-02-26T00:49:32","modified_gmt":"2025-02-25T21:49:32","slug":"kim-tweed-headband","status":"publish","type":"product","link":"https:\/\/sibihats.com\/tr\/product\/kim-tweed-headband\/","title":{"rendered":"KIM &#8211; Houndstooth Tweed Headband"},"content":{"rendered":"<p>The hair accessory is coming back and has really proved that it&#8217;s here to stay. And yes, a headband it is one of the key accessory trends that you must follow blindly.<br \/>\nCrafted from fine houndstooth cotton tweed, KIM will add an elegant aesthetic to any simple outfit.<br \/>\nComplete your style with matching <a href=\"https:\/\/sibihats.com\/tr\/urun\/jennifer-tweet-clutch-bag-4\/?v=ea5ee3073194\">Jennifer Houndstooth Tweed Bag<\/a>.<\/p>\n<p>BLUE\/BEIGE<br \/>\nTamamen el yap\u0131m\u0131<\/p>\n<p>\u2022 Delivery time 1-3 days.<br \/>\n- \u00d6zel sorular\u0131n\u0131z i\u00e7in l\u00fctfen <a href=\"\/tr\/customercare@sibihats.com\/\">Bize ula\u015f\u0131n.<\/a><br \/>\n\u2022 Dry cleaning.<br \/>\n\u2022 Comes in SIBI hat box.<\/p>","protected":false},"excerpt":{"rendered":"<p>The hair accessory is coming back and has really proved that it&#8217;s here to stay. And yes, a headband it is one of the key accessory trends that you must follow blindly. Crafted from fine houndstooth cotton tweed, KIM will add an elegant aesthetic to any simple outfit. Complete your style with matching Jennifer Houndstooth [&#8230;]\n","protected":false},"featured_media":5239,"template":"","meta":[],"product_brand":[],"product_cat":[350],"product_tag":[],"class_list":{"0":"post-5201","1":"product","2":"type-product","3":"status-publish","4":"has-post-thumbnail","6":"product_cat-sale","7":"pa_brand-sibi-hats","9":"first","10":"instock","11":"sale","12":"taxable","13":"shipping-taxable","14":"purchasable","15":"product-type-simple"},"jetpack_sharing_enabled":true,"_links":{"self":[{"href":"https:\/\/sibihats.com\/tr\/wp-json\/wp\/v2\/product\/5201","targetHints":{"allow":["GET"]}}],"collection":[{"href":"https:\/\/sibihats.com\/tr\/wp-json\/wp\/v2\/product"}],"about":[{"href":"https:\/\/sibihats.com\/tr\/wp-json\/wp\/v2\/types\/product"}],"wp:featuredmedia":[{"embeddable":true,"href":"https:\/\/sibihats.com\/tr\/wp-json\/wp\/v2\/media\/5239"}],"wp:attachment":[{"href":"https:\/\/sibihats.com\/tr\/wp-json\/wp\/v2\/media?parent=5201"}],"wp:term":[{"taxonomy":"product_brand","embeddable":true,"href":"https:\/\/sibihats.com\/tr\/wp-json\/wp\/v2\/product_brand?post=5201"},{"taxonomy":"product_cat","embeddable":true,"href":"https:\/\/sibihats.com\/tr\/wp-json\/wp\/v2\/product_cat?post=5201"},{"taxonomy":"product_tag","embeddable":true,"href":"https:\/\/sibihats.com\/tr\/wp-json\/wp\/v2\/product_tag?post=5201"}],"curies":[{"name":"wp","href":"https:\/\/api.w.org\/{rel}","templated":true}]}}