{"id":5157,"date":"2022-11-09T15:25:17","date_gmt":"2022-11-09T12:25:17","guid":{"rendered":"https:\/\/sibihats.com\/?post_type=product&#038;p=5157"},"modified":"2025-07-21T01:33:50","modified_gmt":"2025-07-20T22:33:50","slug":"jennifer-tweet-clutch-bag-4","status":"publish","type":"product","link":"https:\/\/sibihats.com\/tr\/product\/jennifer-tweet-clutch-bag-4\/","title":{"rendered":"JENNIFER &#8211; Houndstooth Tweet Clutch Bag"},"content":{"rendered":"<p>Introducing Jennifer in lovely combination of blue and beige Houndstooth, the dream luxury handbag for ladies who demands both style and functionality!<br \/>\nCrafted from luxurious tweed, decorated with a hand-frayed delicate bow on the side.<br \/>\nThe detachable chain strap helps you to wear this cute bag over the shoulder, as a crossbody bag, or simply carry it as a stylish clutch.<br \/>\nComplete your look with matching Masha Houndstooth Tweet Bandana, or KIM Houndstooth Tweet Headband.<\/p>\n<p>Very Limited Edition<\/p>\n<p>Tamamen el yap\u0131m\u0131<\/p>\n<p>Dimensions:<br \/>\nLength &#8211; 30cm<br \/>\nHeight &#8211; 19cm<br \/>\nWidth &#8211; 8cm<br \/>\nChain Length: approximately 106 cm<\/p>\n<p>Tweed Soft Body<br \/>\nHand-Frayed Bow<br \/>\n100% Cotton Lining<br \/>\nDetachable Lightweight Plated Aluminum Chain Strap<br \/>\nExterior Zipper<br \/>\nInterior Pocket<br \/>\nItalian Gold Metal Polished Hardware<br \/>\nComes With an SIBI Dust Bag<\/p>\n<p><em>- Teslimat s\u00fcresi 2-6 g\u00fcn.<\/em><br \/>\n<em>- \u00d6zel sorular\u0131n\u0131z i\u00e7in l\u00fctfen <a href=\"https:\/\/sibihats.com\/tr\/iletisim\/?v=ea5ee3073194\">Bize ula\u015f\u0131n.<\/a><\/em><\/p>","protected":false},"excerpt":{"rendered":"<p>Introducing Jennifer in lovely combination of blue and beige Houndstooth, the dream luxury handbag for ladies who demands both style and functionality! Crafted from luxurious tweed, decorated with a hand-frayed delicate bow on the side. The detachable chain strap helps you to wear this cute bag over the shoulder, as a crossbody bag, or simply [&#8230;]\n","protected":false},"featured_media":5158,"template":"","meta":[],"product_brand":[],"product_cat":[327],"product_tag":[],"class_list":{"0":"post-5157","1":"product","2":"type-product","3":"status-publish","4":"has-post-thumbnail","6":"product_cat-straw-hats","8":"first","9":"outofstock","10":"purchasable","11":"product-type-simple"},"jetpack_sharing_enabled":true,"_links":{"self":[{"href":"https:\/\/sibihats.com\/tr\/wp-json\/wp\/v2\/product\/5157","targetHints":{"allow":["GET"]}}],"collection":[{"href":"https:\/\/sibihats.com\/tr\/wp-json\/wp\/v2\/product"}],"about":[{"href":"https:\/\/sibihats.com\/tr\/wp-json\/wp\/v2\/types\/product"}],"wp:featuredmedia":[{"embeddable":true,"href":"https:\/\/sibihats.com\/tr\/wp-json\/wp\/v2\/media\/5158"}],"wp:attachment":[{"href":"https:\/\/sibihats.com\/tr\/wp-json\/wp\/v2\/media?parent=5157"}],"wp:term":[{"taxonomy":"product_brand","embeddable":true,"href":"https:\/\/sibihats.com\/tr\/wp-json\/wp\/v2\/product_brand?post=5157"},{"taxonomy":"product_cat","embeddable":true,"href":"https:\/\/sibihats.com\/tr\/wp-json\/wp\/v2\/product_cat?post=5157"},{"taxonomy":"product_tag","embeddable":true,"href":"https:\/\/sibihats.com\/tr\/wp-json\/wp\/v2\/product_tag?post=5157"}],"curies":[{"name":"wp","href":"https:\/\/api.w.org\/{rel}","templated":true}]}}