{"id":5146,"date":"2022-11-09T15:13:29","date_gmt":"2022-11-09T12:13:29","guid":{"rendered":"https:\/\/sibihats.com\/?post_type=product&#038;p=5146"},"modified":"2025-07-21T01:33:10","modified_gmt":"2025-07-20T22:33:10","slug":"jennifer-tweet-clutch-bag-2","status":"publish","type":"product","link":"https:\/\/sibihats.com\/tr\/product\/jennifer-tweet-clutch-bag-2\/","title":{"rendered":"JENNIFER &#8211; Brown Tweet Clutch Bag"},"content":{"rendered":"<p>Introducing Jennifer in chocolate, the dream luxury handbag for ladies who demands both style and functionality!<br \/>\nCrafted from luxurious brown tweed, decorated with a hand-frayed delicate bow on the side.<br \/>\nThe detachable chain strap helps you to wear this cute bag over the shoulder, as a crossbody bag, or simply carry it as a stylish clutch.<br \/>\nEach handbag is designed, cut, sewn and finished in house, therefore is truly unique.<\/p>\n<p>Complete your look with a matching MASHA Tweed Bandana, or KIM Tweed Headband<br \/>\nVery Limited Edition<\/p>\n<p>Tamamen el yap\u0131m\u0131<\/p>\n<p>Dimensions:<br \/>\nLength &#8211; 30cm<br \/>\nHeight &#8211; 19cm<br \/>\nWidth &#8211; 8cm<br \/>\nChain Length: approximately 106 cm<\/p>\n<p>100% Wool Soft Body<br \/>\nHand-Frayed Bow<br \/>\n100% Cotton Lining<br \/>\nDetachable Lightweight Plated Aluminum Chain Strap<br \/>\nExterior Zipper<br \/>\nInterior Pocket<br \/>\nItalian Gold Metal Polished Hardware<br \/>\nComes With an SIBI Dust Bag<\/p>\n<p><em>- Teslimat s\u00fcresi 2-6 g\u00fcn.<\/em><br \/>\n<em>- \u00d6zel sorular\u0131n\u0131z i\u00e7in l\u00fctfen <a href=\"https:\/\/sibihats.com\/tr\/iletisim\/?v=ea5ee3073194\">Bize ula\u015f\u0131n.<\/a><\/em><\/p>","protected":false},"excerpt":{"rendered":"<p>Introducing Jennifer in chocolate, the dream luxury handbag for ladies who demands both style and functionality! Crafted from luxurious brown tweed, decorated with a hand-frayed delicate bow on the side. The detachable chain strap helps you to wear this cute bag over the shoulder, as a crossbody bag, or simply carry it as a stylish [&#8230;]\n","protected":false},"featured_media":5147,"template":"","meta":[],"product_brand":[],"product_cat":[327],"product_tag":[],"class_list":{"0":"post-5146","1":"product","2":"type-product","3":"status-publish","4":"has-post-thumbnail","6":"product_cat-straw-hats","8":"first","9":"outofstock","10":"purchasable","11":"product-type-simple"},"jetpack_sharing_enabled":true,"_links":{"self":[{"href":"https:\/\/sibihats.com\/tr\/wp-json\/wp\/v2\/product\/5146","targetHints":{"allow":["GET"]}}],"collection":[{"href":"https:\/\/sibihats.com\/tr\/wp-json\/wp\/v2\/product"}],"about":[{"href":"https:\/\/sibihats.com\/tr\/wp-json\/wp\/v2\/types\/product"}],"wp:featuredmedia":[{"embeddable":true,"href":"https:\/\/sibihats.com\/tr\/wp-json\/wp\/v2\/media\/5147"}],"wp:attachment":[{"href":"https:\/\/sibihats.com\/tr\/wp-json\/wp\/v2\/media?parent=5146"}],"wp:term":[{"taxonomy":"product_brand","embeddable":true,"href":"https:\/\/sibihats.com\/tr\/wp-json\/wp\/v2\/product_brand?post=5146"},{"taxonomy":"product_cat","embeddable":true,"href":"https:\/\/sibihats.com\/tr\/wp-json\/wp\/v2\/product_cat?post=5146"},{"taxonomy":"product_tag","embeddable":true,"href":"https:\/\/sibihats.com\/tr\/wp-json\/wp\/v2\/product_tag?post=5146"}],"curies":[{"name":"wp","href":"https:\/\/api.w.org\/{rel}","templated":true}]}}