{"id":4850,"date":"2022-07-02T18:25:17","date_gmt":"2022-07-02T15:25:17","guid":{"rendered":"https:\/\/sibihats.com\/?post_type=product&#038;p=4850"},"modified":"2024-12-12T11:19:25","modified_gmt":"2024-12-12T08:19:25","slug":"lisa-mini-silk-bucket-hat-copy","status":"publish","type":"product","link":"https:\/\/sibihats.com\/tr\/product\/lisa-mini-silk-bucket-hat-copy\/","title":{"rendered":"CATCH ME &#8211; Silk Headband"},"content":{"rendered":"<p>The headband trend has really proved that it&#8217;s here to stay.<br \/>\nThis very classic style headband is one of the most &#8221;Bowtiful&#8221; ways that perfectly impacts your trendy look. Crafted from elegant silk dupioni in cobalt blue.<\/p>\n<p><span style=\"color: #333333; font-size: 14.4px;\">There is an option for Mommy&amp;Me trend.<\/span><\/p>\n<p>&nbsp;<\/p>\n<p>BLUE<\/p>\n<p>Tamamen el yap\u0131m\u0131<\/p>\n<p>100% SILK<\/p>\n<p><em>\u2022 Delivery time 2-9 days.<\/em><br \/>\n<em>\u2022 One Size.<\/em><br \/>\n<em>- \u00d6zel sorular\u0131n\u0131z i\u00e7in l\u00fctfen <a href=\"https:\/\/sibihats.com\/tr\/iletisim\/?v=ea5ee3073194\">Bize ula\u015f\u0131n.<\/a><\/em><br \/>\n<em>- SIBI \u015fapka kutusu i\u00e7inde gelir.<\/em><\/p>","protected":false},"excerpt":{"rendered":"<p>The headband trend has really proved that it&#8217;s here to stay. This very classic style headband is one of the most &#8221;Bowtiful&#8221; ways that perfectly impacts your trendy look. Crafted from elegant silk dupioni in cobalt blue. There is an option for Mommy&amp;Me trend. &nbsp; BLUE Fully handmade 100% SILK \u2022 Delivery time 2-9 days. [&#8230;]\n","protected":false},"featured_media":4851,"template":"","meta":[],"product_brand":[],"product_cat":[361],"product_tag":[],"class_list":{"0":"post-4850","1":"product","2":"type-product","3":"status-publish","4":"has-post-thumbnail","6":"product_cat-kids","8":"first","9":"instock","10":"purchasable","11":"product-type-simple"},"jetpack_sharing_enabled":true,"_links":{"self":[{"href":"https:\/\/sibihats.com\/tr\/wp-json\/wp\/v2\/product\/4850","targetHints":{"allow":["GET"]}}],"collection":[{"href":"https:\/\/sibihats.com\/tr\/wp-json\/wp\/v2\/product"}],"about":[{"href":"https:\/\/sibihats.com\/tr\/wp-json\/wp\/v2\/types\/product"}],"wp:featuredmedia":[{"embeddable":true,"href":"https:\/\/sibihats.com\/tr\/wp-json\/wp\/v2\/media\/4851"}],"wp:attachment":[{"href":"https:\/\/sibihats.com\/tr\/wp-json\/wp\/v2\/media?parent=4850"}],"wp:term":[{"taxonomy":"product_brand","embeddable":true,"href":"https:\/\/sibihats.com\/tr\/wp-json\/wp\/v2\/product_brand?post=4850"},{"taxonomy":"product_cat","embeddable":true,"href":"https:\/\/sibihats.com\/tr\/wp-json\/wp\/v2\/product_cat?post=4850"},{"taxonomy":"product_tag","embeddable":true,"href":"https:\/\/sibihats.com\/tr\/wp-json\/wp\/v2\/product_tag?post=4850"}],"curies":[{"name":"wp","href":"https:\/\/api.w.org\/{rel}","templated":true}]}}