{"id":4847,"date":"2022-07-02T18:19:56","date_gmt":"2022-07-02T15:19:56","guid":{"rendered":"https:\/\/sibihats.com\/?post_type=product&#038;p=4847"},"modified":"2025-07-20T23:39:53","modified_gmt":"2025-07-20T20:39:53","slug":"dina-silk-headband-2","status":"publish","type":"product","link":"https:\/\/sibihats.com\/tr\/product\/dina-silk-headband-2\/","title":{"rendered":"DINA - \u0130pek Sa\u00e7 Band\u0131 Scrunchie Seti"},"content":{"rendered":"<p>The hair accessory is coming back and has really proved that it&#8217;s here to stay. And yes, a headband it is one of the key accessory trends for evening wear that you must follow blindly.<br \/>\nCrafted from luxurious silk satin, the DINA headband will add an elegant aesthetic to any simple outfit.<br \/>\nComes with a matching hair scrunchie.<\/p>\n<p>OLIVE<\/p>\n<p>Tamamen el yap\u0131m\u0131<\/p>\n<p><em>- Teslimat s\u00fcresi 2-6 g\u00fcn.<\/em><br \/>\n<em>- Tek beden.<\/em><br \/>\n<em>- \u00d6zel sorular\u0131n\u0131z i\u00e7in l\u00fctfen <a href=\"https:\/\/sibihats.com\/tr\/iletisim\/?v=ea5ee3073194\">Bize ula\u015f\u0131n.<\/a><\/em><\/p>","protected":false},"excerpt":{"rendered":"<p>The hair accessory is coming back and has really proved that it&#8217;s here to stay. And yes, a headband it is one of the key accessory trends for evening wear that you must follow blindly. Crafted from luxurious silk satin, the DINA headband will add an elegant aesthetic to any simple outfit. Comes with a [&#8230;]\n","protected":false},"featured_media":4848,"template":"","meta":[],"product_brand":[],"product_cat":[360,350],"product_tag":[],"class_list":{"0":"post-4847","1":"product","2":"type-product","3":"status-publish","4":"has-post-thumbnail","6":"product_cat-headbands","7":"product_cat-sale","9":"first","10":"instock","11":"sale","12":"purchasable","13":"product-type-simple"},"jetpack_sharing_enabled":true,"_links":{"self":[{"href":"https:\/\/sibihats.com\/tr\/wp-json\/wp\/v2\/product\/4847","targetHints":{"allow":["GET"]}}],"collection":[{"href":"https:\/\/sibihats.com\/tr\/wp-json\/wp\/v2\/product"}],"about":[{"href":"https:\/\/sibihats.com\/tr\/wp-json\/wp\/v2\/types\/product"}],"wp:featuredmedia":[{"embeddable":true,"href":"https:\/\/sibihats.com\/tr\/wp-json\/wp\/v2\/media\/4848"}],"wp:attachment":[{"href":"https:\/\/sibihats.com\/tr\/wp-json\/wp\/v2\/media?parent=4847"}],"wp:term":[{"taxonomy":"product_brand","embeddable":true,"href":"https:\/\/sibihats.com\/tr\/wp-json\/wp\/v2\/product_brand?post=4847"},{"taxonomy":"product_cat","embeddable":true,"href":"https:\/\/sibihats.com\/tr\/wp-json\/wp\/v2\/product_cat?post=4847"},{"taxonomy":"product_tag","embeddable":true,"href":"https:\/\/sibihats.com\/tr\/wp-json\/wp\/v2\/product_tag?post=4847"}],"curies":[{"name":"wp","href":"https:\/\/api.w.org\/{rel}","templated":true}]}}