{"id":4839,"date":"2022-07-02T18:02:00","date_gmt":"2022-07-02T15:02:00","guid":{"rendered":"https:\/\/sibihats.com\/?post_type=product&#038;p=4839"},"modified":"2025-05-24T17:03:14","modified_gmt":"2025-05-24T14:03:14","slug":"call-me-rosy-silk-headband","status":"publish","type":"product","link":"https:\/\/sibihats.com\/tr\/product\/call-me-rosy-silk-headband\/","title":{"rendered":"CALL ME ROSY &#8211; Red Silk Headband"},"content":{"rendered":"<p><em>\u2022 100% Silk.<\/em><br \/>\n<em>- Tamamen El Yap\u0131m\u0131.<\/em><br \/>\n<em>- \u00d6zel sorular\u0131n\u0131z i\u00e7in l\u00fctfen <a href=\"https:\/\/sibihats.com\/tr\/iletisim\/?v=ea5ee3073194\">Bize ula\u015f\u0131n.<\/a><\/em><\/p>","protected":false},"excerpt":{"rendered":"<p>Sa\u00e7 bantlar\u0131n\u0131n son birka\u00e7 y\u0131ld\u0131r b\u00fcy\u00fck bir ivme kazand\u0131\u011f\u0131n\u0131 inkar edemeyiz.<br \/>\nOnlar ger\u00e7ekten bir kad\u0131n\u0131n ta\u00e7land\u0131r\u0131c\u0131 ihti\u015fam\u0131d\u0131r.<br \/>\n\u00c7i\u00e7ekler eklenirse ta\u00e7lara gerek kalmaz, de\u011fil mi?<br \/>\nThis elegant headband was crafted from silk shantung in bright red.<\/p>","protected":false},"featured_media":4846,"template":"","meta":[],"product_brand":[],"product_cat":[360],"product_tag":[],"class_list":{"0":"post-4839","1":"product","2":"type-product","3":"status-publish","4":"has-post-thumbnail","6":"product_cat-headbands","8":"first","9":"instock","10":"purchasable","11":"product-type-simple"},"jetpack_sharing_enabled":true,"_links":{"self":[{"href":"https:\/\/sibihats.com\/tr\/wp-json\/wp\/v2\/product\/4839","targetHints":{"allow":["GET"]}}],"collection":[{"href":"https:\/\/sibihats.com\/tr\/wp-json\/wp\/v2\/product"}],"about":[{"href":"https:\/\/sibihats.com\/tr\/wp-json\/wp\/v2\/types\/product"}],"wp:featuredmedia":[{"embeddable":true,"href":"https:\/\/sibihats.com\/tr\/wp-json\/wp\/v2\/media\/4846"}],"wp:attachment":[{"href":"https:\/\/sibihats.com\/tr\/wp-json\/wp\/v2\/media?parent=4839"}],"wp:term":[{"taxonomy":"product_brand","embeddable":true,"href":"https:\/\/sibihats.com\/tr\/wp-json\/wp\/v2\/product_brand?post=4839"},{"taxonomy":"product_cat","embeddable":true,"href":"https:\/\/sibihats.com\/tr\/wp-json\/wp\/v2\/product_cat?post=4839"},{"taxonomy":"product_tag","embeddable":true,"href":"https:\/\/sibihats.com\/tr\/wp-json\/wp\/v2\/product_tag?post=4839"}],"curies":[{"name":"wp","href":"https:\/\/api.w.org\/{rel}","templated":true}]}}