{"id":4835,"date":"2022-06-30T22:00:24","date_gmt":"2022-06-30T19:00:24","guid":{"rendered":"https:\/\/sibihats.com\/?post_type=product&#038;p=4835"},"modified":"2025-06-05T23:34:29","modified_gmt":"2025-06-05T20:34:29","slug":"cleo-boater-hat","status":"publish","type":"product","link":"https:\/\/sibihats.com\/tr\/product\/cleo-boater-hat\/","title":{"rendered":"CLEO - Par\u0131lt\u0131l\u0131 Kaplamal\u0131 Has\u0131r Kay\u0131k\u00e7\u0131 \u015eapkas\u0131"},"content":{"rendered":"<div dir=\"auto\"><\/div>\n<p>Raffia Straw<br \/>\nTamamen el yap\u0131m\u0131<\/p>\n<p><em>\u2022 Delivery time 2-7 days.<\/em><br \/>\n<em>- M\u00fckemmel Uyum i\u00e7in Boyutu Ayarlanabilir \u015eerit.<\/em><br \/>\n<em>- \u00d6zel sorular\u0131n\u0131z i\u00e7in l\u00fctfen <a href=\"https:\/\/sibihats.com\/tr\/iletisim\/?v=ea5ee3073194\">Bize ula\u015f\u0131n.<\/a><\/em><br \/>\n<em>- SIBI \u015fapka kutusu i\u00e7inde gelir.<\/em><\/p>","protected":false},"excerpt":{"rendered":"<p>Serve some serious vibes in this luxurious boater hat. It comes with a unique golden ribbon around the hat, making it look sophisticated, classy, and fun all at once. Meticulously polished with glitter to radiate a captivating sparkle, it complements you at your best.<\/p>\n<div dir=\"auto\">\n<div>Plus there is an option for those obsessed with <strong>Mommy&amp;Me<\/strong> trend.<\/div>\n<\/div>","protected":false},"featured_media":4856,"template":"","meta":[],"product_brand":[],"product_cat":[327],"product_tag":[],"class_list":{"0":"post-4835","1":"product","2":"type-product","3":"status-publish","4":"has-post-thumbnail","6":"product_cat-straw-hats","8":"first","9":"instock","10":"purchasable","11":"product-type-variable"},"jetpack_sharing_enabled":true,"_links":{"self":[{"href":"https:\/\/sibihats.com\/tr\/wp-json\/wp\/v2\/product\/4835","targetHints":{"allow":["GET"]}}],"collection":[{"href":"https:\/\/sibihats.com\/tr\/wp-json\/wp\/v2\/product"}],"about":[{"href":"https:\/\/sibihats.com\/tr\/wp-json\/wp\/v2\/types\/product"}],"wp:featuredmedia":[{"embeddable":true,"href":"https:\/\/sibihats.com\/tr\/wp-json\/wp\/v2\/media\/4856"}],"wp:attachment":[{"href":"https:\/\/sibihats.com\/tr\/wp-json\/wp\/v2\/media?parent=4835"}],"wp:term":[{"taxonomy":"product_brand","embeddable":true,"href":"https:\/\/sibihats.com\/tr\/wp-json\/wp\/v2\/product_brand?post=4835"},{"taxonomy":"product_cat","embeddable":true,"href":"https:\/\/sibihats.com\/tr\/wp-json\/wp\/v2\/product_cat?post=4835"},{"taxonomy":"product_tag","embeddable":true,"href":"https:\/\/sibihats.com\/tr\/wp-json\/wp\/v2\/product_tag?post=4835"}],"curies":[{"name":"wp","href":"https:\/\/api.w.org\/{rel}","templated":true}]}}