{"id":4830,"date":"2022-06-30T21:52:05","date_gmt":"2022-06-30T18:52:05","guid":{"rendered":"https:\/\/sibihats.com\/?post_type=product&#038;p=4830"},"modified":"2024-07-08T09:58:49","modified_gmt":"2024-07-08T06:58:49","slug":"lisa-silk-mini-orange","status":"publish","type":"product","link":"https:\/\/sibihats.com\/tr\/product\/lisa-silk-mini-orange\/","title":{"rendered":"LISA MINI &#8211; Silk Bucket Hat"},"content":{"rendered":"<p>There isn\u2019t a competitor for silk at all! Silk is so lightweight and delicate that gives us positively luxurious feelings.<br \/>\nThis unique bucket hat was crafted from luxurious silk shantung in attractive orange. Extra special&#8230;<\/p>\n<p><span style=\"color: #333333; font-size: 14.4px;\">There is an option for Mommy&amp;Me trend.<\/span><\/p>\n<p>&nbsp;<\/p>\n<p>ORANGE<\/p>\n<p>Tamamen el yap\u0131m\u0131<\/p>\n<p>100% SILK<\/p>\n<p><em>\u2022 Delivery time 2-9 days.<\/em><br \/>\n<em>\u2022 One Size.<\/em><br \/>\n<em>- \u00d6zel sorular\u0131n\u0131z i\u00e7in l\u00fctfen <a href=\"https:\/\/sibihats.com\/tr\/iletisim\/?v=ea5ee3073194\">Bize ula\u015f\u0131n.<\/a><\/em><br \/>\n<em>- SIBI \u015fapka kutusu i\u00e7inde gelir.<\/em><\/p>","protected":false},"excerpt":{"rendered":"<p>There isn\u2019t a competitor for silk at all! Silk is so lightweight and delicate that gives us positively luxurious feelings. This unique bucket hat was crafted from luxurious silk shantung in attractive orange. Extra special&#8230; There is an option for Mommy&amp;Me trend. &nbsp; ORANGE Fully handmade 100% SILK \u2022 Delivery time 2-9 days. \u2022 One [&#8230;]\n","protected":false},"featured_media":4831,"template":"","meta":[],"product_brand":[],"product_cat":[361],"product_tag":[],"class_list":{"0":"post-4830","1":"product","2":"type-product","3":"status-publish","4":"has-post-thumbnail","6":"product_cat-kids","8":"first","9":"outofstock","10":"purchasable","11":"product-type-simple"},"jetpack_sharing_enabled":true,"_links":{"self":[{"href":"https:\/\/sibihats.com\/tr\/wp-json\/wp\/v2\/product\/4830","targetHints":{"allow":["GET"]}}],"collection":[{"href":"https:\/\/sibihats.com\/tr\/wp-json\/wp\/v2\/product"}],"about":[{"href":"https:\/\/sibihats.com\/tr\/wp-json\/wp\/v2\/types\/product"}],"wp:featuredmedia":[{"embeddable":true,"href":"https:\/\/sibihats.com\/tr\/wp-json\/wp\/v2\/media\/4831"}],"wp:attachment":[{"href":"https:\/\/sibihats.com\/tr\/wp-json\/wp\/v2\/media?parent=4830"}],"wp:term":[{"taxonomy":"product_brand","embeddable":true,"href":"https:\/\/sibihats.com\/tr\/wp-json\/wp\/v2\/product_brand?post=4830"},{"taxonomy":"product_cat","embeddable":true,"href":"https:\/\/sibihats.com\/tr\/wp-json\/wp\/v2\/product_cat?post=4830"},{"taxonomy":"product_tag","embeddable":true,"href":"https:\/\/sibihats.com\/tr\/wp-json\/wp\/v2\/product_tag?post=4830"}],"curies":[{"name":"wp","href":"https:\/\/api.w.org\/{rel}","templated":true}]}}