{"id":4808,"date":"2022-06-30T20:37:50","date_gmt":"2022-06-30T17:37:50","guid":{"rendered":"https:\/\/sibihats.com\/?post_type=product&#038;p=4808"},"modified":"2024-01-25T15:42:20","modified_gmt":"2024-01-25T12:42:20","slug":"blue-picasso-boater-hat","status":"publish","type":"product","link":"https:\/\/sibihats.com\/tr\/product\/blue-picasso-boater-hat\/","title":{"rendered":"BLUE PICASSO &#8211; Boater Hat"},"content":{"rendered":"<p>Boater hats remain one of the key style trends for women and have become a &#8220;must-have&#8221; for any event.<br \/>\nIn addition to protecting you from the sun, this hand-blocked lightweight boater will add a touch of art and elegance to your outfit.<br \/>\nCrafted from dyed raffia straw, and trimmed with unique painted ribbon, a reminder of the great Picasso.<\/p>\n<p>BLUE<\/p>\n<p>Raffia Straw<br \/>\nTamamen el yap\u0131m\u0131<\/p>\n<p><em>\u2022 Delivery time 2-9 days.<\/em><br \/>\n<em>\u2022 Adjustable size.<\/em><br \/>\n<em>- \u00d6zel sorular\u0131n\u0131z i\u00e7in l\u00fctfen <a href=\"https:\/\/sibihats.com\/tr\/iletisim\/?v=ea5ee3073194\">Bize ula\u015f\u0131n.<\/a><\/em><br \/>\n<em>- SIBI \u015fapka kutusu i\u00e7inde gelir.<\/em><\/p>","protected":false},"excerpt":{"rendered":"<p>Boater hats remain one of the key style trends for women and have become a &#8220;must-have&#8221; for any event. In addition to protecting you from the sun, this hand-blocked lightweight boater will add a touch of art and elegance to your outfit. Crafted from dyed raffia straw, and trimmed with unique painted ribbon, a reminder [&#8230;]\n","protected":false},"featured_media":4826,"template":"","meta":[],"product_brand":[],"product_cat":[327],"product_tag":[],"class_list":{"0":"post-4808","1":"product","2":"type-product","3":"status-publish","4":"has-post-thumbnail","6":"product_cat-straw-hats","8":"first","9":"onbackorder","10":"purchasable","11":"product-type-simple"},"jetpack_sharing_enabled":true,"_links":{"self":[{"href":"https:\/\/sibihats.com\/tr\/wp-json\/wp\/v2\/product\/4808","targetHints":{"allow":["GET"]}}],"collection":[{"href":"https:\/\/sibihats.com\/tr\/wp-json\/wp\/v2\/product"}],"about":[{"href":"https:\/\/sibihats.com\/tr\/wp-json\/wp\/v2\/types\/product"}],"wp:featuredmedia":[{"embeddable":true,"href":"https:\/\/sibihats.com\/tr\/wp-json\/wp\/v2\/media\/4826"}],"wp:attachment":[{"href":"https:\/\/sibihats.com\/tr\/wp-json\/wp\/v2\/media?parent=4808"}],"wp:term":[{"taxonomy":"product_brand","embeddable":true,"href":"https:\/\/sibihats.com\/tr\/wp-json\/wp\/v2\/product_brand?post=4808"},{"taxonomy":"product_cat","embeddable":true,"href":"https:\/\/sibihats.com\/tr\/wp-json\/wp\/v2\/product_cat?post=4808"},{"taxonomy":"product_tag","embeddable":true,"href":"https:\/\/sibihats.com\/tr\/wp-json\/wp\/v2\/product_tag?post=4808"}],"curies":[{"name":"wp","href":"https:\/\/api.w.org\/{rel}","templated":true}]}}