{"id":4799,"date":"2022-06-30T19:57:53","date_gmt":"2022-06-30T16:57:53","guid":{"rendered":"https:\/\/sibihats.com\/?post_type=product&#038;p=4799"},"modified":"2025-05-24T16:58:51","modified_gmt":"2025-05-24T13:58:51","slug":"funny-omelette-bucket-hat","status":"publish","type":"product","link":"https:\/\/sibihats.com\/tr\/product\/funny-omelette-bucket-hat\/","title":{"rendered":"FUNNY OMELETTE &#8211; Bucket Hat"},"content":{"rendered":"<p>If you&#8217;re looking for something a little funkier than your usual hats, this piece is for you.<br \/>\nWide-brimmed hats are fun, they are different, and they are elegant all at once. PLUS they are very much in trend.<br \/>\nCrafted from luxurious bright yellow brocade for some positive vibes on our mood.<\/p>\n<p>YELLOW<br \/>\nTamamen el yap\u0131m\u0131<\/p>\n<p><em>- Teslimat s\u00fcresi 2-6 g\u00fcn.<\/em><br \/>\n<em>\u2022 Adjustable size.<\/em><\/p>\n<p><em>- \u00d6zel sorular\u0131n\u0131z i\u00e7in l\u00fctfen <a href=\"https:\/\/sibihats.com\/tr\/iletisim\/?v=ea5ee3073194\">Bize ula\u015f\u0131n.<\/a><\/em><\/p>","protected":false},"excerpt":{"rendered":"<p>Wide-Brim Cotton Bucket Hat<\/p>","protected":false},"featured_media":4800,"template":"","meta":[],"product_brand":[],"product_cat":[352,350],"product_tag":[],"class_list":{"0":"post-4799","1":"product","2":"type-product","3":"status-publish","4":"has-post-thumbnail","6":"product_cat-fabric-hats","7":"product_cat-sale","9":"first","10":"outofstock","11":"sale","12":"purchasable","13":"product-type-simple"},"jetpack_sharing_enabled":true,"_links":{"self":[{"href":"https:\/\/sibihats.com\/tr\/wp-json\/wp\/v2\/product\/4799","targetHints":{"allow":["GET"]}}],"collection":[{"href":"https:\/\/sibihats.com\/tr\/wp-json\/wp\/v2\/product"}],"about":[{"href":"https:\/\/sibihats.com\/tr\/wp-json\/wp\/v2\/types\/product"}],"wp:featuredmedia":[{"embeddable":true,"href":"https:\/\/sibihats.com\/tr\/wp-json\/wp\/v2\/media\/4800"}],"wp:attachment":[{"href":"https:\/\/sibihats.com\/tr\/wp-json\/wp\/v2\/media?parent=4799"}],"wp:term":[{"taxonomy":"product_brand","embeddable":true,"href":"https:\/\/sibihats.com\/tr\/wp-json\/wp\/v2\/product_brand?post=4799"},{"taxonomy":"product_cat","embeddable":true,"href":"https:\/\/sibihats.com\/tr\/wp-json\/wp\/v2\/product_cat?post=4799"},{"taxonomy":"product_tag","embeddable":true,"href":"https:\/\/sibihats.com\/tr\/wp-json\/wp\/v2\/product_tag?post=4799"}],"curies":[{"name":"wp","href":"https:\/\/api.w.org\/{rel}","templated":true}]}}