{"id":4790,"date":"2022-06-30T17:11:07","date_gmt":"2022-06-30T14:11:07","guid":{"rendered":"https:\/\/sibihats.com\/?post_type=product&#038;p=4790"},"modified":"2025-02-14T14:50:48","modified_gmt":"2025-02-14T11:50:48","slug":"catch-me-headband","status":"publish","type":"product","link":"https:\/\/sibihats.com\/tr\/product\/catch-me-headband\/","title":{"rendered":"CATCH ME &#8211; Black Silk Headband"},"content":{"rendered":"<p>This classic style headband is one of the most \u201dBOWTIFUL\u201d ways that perfectly complete any look.<\/p>\n<p><span style=\"color: #333333; font-size: 14.4px;\">There is an option for Mommy&amp;Me trend.<\/span><\/p>\n<p>&nbsp;<\/p>\n<p>S\u0130YAH<\/p>\n<p>Tamamen el yap\u0131m\u0131<\/p>\n<p>100% SILK<\/p>\n<p><em>\u2022 Delivery time 2-9 days.<\/em><br \/>\n<em>\u2022 One Size.<\/em><br \/>\n<em>- \u00d6zel sorular\u0131n\u0131z i\u00e7in l\u00fctfen <a href=\"https:\/\/sibihats.com\/tr\/iletisim\/?v=ea5ee3073194\">Bize ula\u015f\u0131n.<\/a><\/em><br \/>\n<em>- SIBI \u015fapka kutusu i\u00e7inde gelir.<\/em><\/p>","protected":false},"excerpt":{"rendered":"<p>This classic style headband is one of the most \u201dBOWTIFUL\u201d ways that perfectly complete any look. There is an option for Mommy&amp;Me trend. &nbsp; BLACK Fully handmade 100% SILK \u2022 Delivery time 2-9 days. \u2022 One Size. \u2022 For special inquiries please contact us. \u2022 Comes in SIBI hatbox.<\/p>","protected":false},"featured_media":4791,"template":"","meta":[],"product_brand":[],"product_cat":[361,350],"product_tag":[],"class_list":{"0":"post-4790","1":"product","2":"type-product","3":"status-publish","4":"has-post-thumbnail","6":"product_cat-kids","7":"product_cat-sale","9":"first","10":"instock","11":"sale","12":"purchasable","13":"product-type-simple"},"jetpack_sharing_enabled":true,"_links":{"self":[{"href":"https:\/\/sibihats.com\/tr\/wp-json\/wp\/v2\/product\/4790","targetHints":{"allow":["GET"]}}],"collection":[{"href":"https:\/\/sibihats.com\/tr\/wp-json\/wp\/v2\/product"}],"about":[{"href":"https:\/\/sibihats.com\/tr\/wp-json\/wp\/v2\/types\/product"}],"wp:featuredmedia":[{"embeddable":true,"href":"https:\/\/sibihats.com\/tr\/wp-json\/wp\/v2\/media\/4791"}],"wp:attachment":[{"href":"https:\/\/sibihats.com\/tr\/wp-json\/wp\/v2\/media?parent=4790"}],"wp:term":[{"taxonomy":"product_brand","embeddable":true,"href":"https:\/\/sibihats.com\/tr\/wp-json\/wp\/v2\/product_brand?post=4790"},{"taxonomy":"product_cat","embeddable":true,"href":"https:\/\/sibihats.com\/tr\/wp-json\/wp\/v2\/product_cat?post=4790"},{"taxonomy":"product_tag","embeddable":true,"href":"https:\/\/sibihats.com\/tr\/wp-json\/wp\/v2\/product_tag?post=4790"}],"curies":[{"name":"wp","href":"https:\/\/api.w.org\/{rel}","templated":true}]}}