{"id":4771,"date":"2022-06-29T14:11:16","date_gmt":"2022-06-29T11:11:16","guid":{"rendered":"https:\/\/sibihats.com\/?post_type=product&#038;p=4771"},"modified":"2026-04-23T18:22:31","modified_gmt":"2026-04-23T15:22:31","slug":"pretty-wave-straw-boater","status":"publish","type":"product","link":"https:\/\/sibihats.com\/tr\/product\/pretty-wave-straw-boater\/","title":{"rendered":"PRETTY WAVE &#8211; Straw Boater"},"content":{"rendered":"<p>Boater hats have become a &#8220;must-have&#8221; for any event. Pretty Wave comes with a unique hand-shaped wavy brim, making her look sophisticated, classy, and fun all at once. <span style=\"color: #333333; font-size: 14.4px;\">Plus there is an option for those obsessed with Mommy&amp;Me trend.<\/span><\/p>\n<p>NATURAL<\/p>\n<p>Raffia Straw<br \/>\nTamamen el yap\u0131m\u0131<\/p>\n<p><em>\u2022 Delivery time 2-9 days.<\/em><br \/>\n<em>\u2022 Adjustable size.<\/em><br \/>\n<em>- \u00d6zel sorular\u0131n\u0131z i\u00e7in l\u00fctfen <a href=\"https:\/\/sibihats.com\/tr\/iletisim\/?v=ea5ee3073194\">Bize ula\u015f\u0131n.<\/a><\/em><\/p>\n<p>&nbsp;<\/p>","protected":false},"excerpt":{"rendered":"<p>Boater hats have become a &#8220;must-have&#8221; for any event. Pretty Wave comes with a unique hand-shaped wavy brim, making her look sophisticated, classy, and fun all at once. Plus there is an option for those obsessed with Mommy&amp;Me trend. NATURAL Raffia Straw Fully handmade \u2022 Delivery time 2-9 days. \u2022 Adjustable size. \u2022 For special [&#8230;]\n","protected":false},"featured_media":4772,"template":"","meta":[],"product_brand":[],"product_cat":[327,350],"product_tag":[],"class_list":{"0":"post-4771","1":"product","2":"type-product","3":"status-publish","4":"has-post-thumbnail","6":"product_cat-straw-hats","7":"product_cat-sale","9":"first","10":"instock","11":"purchasable","12":"product-type-simple"},"jetpack_sharing_enabled":true,"_links":{"self":[{"href":"https:\/\/sibihats.com\/tr\/wp-json\/wp\/v2\/product\/4771","targetHints":{"allow":["GET"]}}],"collection":[{"href":"https:\/\/sibihats.com\/tr\/wp-json\/wp\/v2\/product"}],"about":[{"href":"https:\/\/sibihats.com\/tr\/wp-json\/wp\/v2\/types\/product"}],"wp:featuredmedia":[{"embeddable":true,"href":"https:\/\/sibihats.com\/tr\/wp-json\/wp\/v2\/media\/4772"}],"wp:attachment":[{"href":"https:\/\/sibihats.com\/tr\/wp-json\/wp\/v2\/media?parent=4771"}],"wp:term":[{"taxonomy":"product_brand","embeddable":true,"href":"https:\/\/sibihats.com\/tr\/wp-json\/wp\/v2\/product_brand?post=4771"},{"taxonomy":"product_cat","embeddable":true,"href":"https:\/\/sibihats.com\/tr\/wp-json\/wp\/v2\/product_cat?post=4771"},{"taxonomy":"product_tag","embeddable":true,"href":"https:\/\/sibihats.com\/tr\/wp-json\/wp\/v2\/product_tag?post=4771"}],"curies":[{"name":"wp","href":"https:\/\/api.w.org\/{rel}","templated":true}]}}