{"id":4758,"date":"2022-06-29T13:04:45","date_gmt":"2022-06-29T10:04:45","guid":{"rendered":"https:\/\/sibihats.com\/?post_type=product&#038;p=4758"},"modified":"2024-01-25T15:53:36","modified_gmt":"2024-01-25T12:53:36","slug":"mini-wave-boater-hat","status":"publish","type":"product","link":"https:\/\/sibihats.com\/tr\/product\/mini-wave-boater-hat\/","title":{"rendered":"MINI WAVE &#8211; Boater Hat"},"content":{"rendered":"<p><span style=\"color: #333333; font-size: 14.4px;\">Comes with a unique hand-shaped wavy brim, making her look sophisticated, classy, and fun all at once.<\/span><\/p>\n<div dir=\"auto\">\n<div>Plus there is an option for those obsessed with Mommy&amp;Me trend.<\/div>\n<\/div>\n<p>&nbsp;<\/p>\n<p>NATURAL<\/p>\n<p>Raffia Straw<br \/>\nTamamen el yap\u0131m\u0131<\/p>\n<p><em>\u2022 Delivery time 2-9 days.<\/em><br \/>\n<em>\u2022 Adjustable Size.<\/em><br \/>\n<em>- \u00d6zel sorular\u0131n\u0131z i\u00e7in l\u00fctfen <a href=\"https:\/\/sibihats.com\/tr\/iletisim\/?v=ea5ee3073194\">Bize ula\u015f\u0131n.<\/a><\/em><br \/>\n<em>- SIBI \u015fapka kutusu i\u00e7inde gelir.<\/em><\/p>","protected":false},"excerpt":{"rendered":"<p>Comes with a unique hand-shaped wavy brim, making her look sophisticated, classy, and fun all at once. Plus there is an option for those obsessed with Mommy&amp;Me trend. &nbsp; NATURAL Raffia Straw Fully handmade \u2022 Delivery time 2-9 days. \u2022 Adjustable Size. \u2022 For special inquiries please contact us. \u2022 Comes in SIBI hatbox.<\/p>","protected":false},"featured_media":4760,"template":"","meta":[],"product_brand":[],"product_cat":[361,350],"product_tag":[],"class_list":{"0":"post-4758","1":"product","2":"type-product","3":"status-publish","4":"has-post-thumbnail","6":"product_cat-kids","7":"product_cat-sale","9":"first","10":"instock","11":"sale","12":"purchasable","13":"product-type-simple"},"jetpack_sharing_enabled":true,"_links":{"self":[{"href":"https:\/\/sibihats.com\/tr\/wp-json\/wp\/v2\/product\/4758","targetHints":{"allow":["GET"]}}],"collection":[{"href":"https:\/\/sibihats.com\/tr\/wp-json\/wp\/v2\/product"}],"about":[{"href":"https:\/\/sibihats.com\/tr\/wp-json\/wp\/v2\/types\/product"}],"wp:featuredmedia":[{"embeddable":true,"href":"https:\/\/sibihats.com\/tr\/wp-json\/wp\/v2\/media\/4760"}],"wp:attachment":[{"href":"https:\/\/sibihats.com\/tr\/wp-json\/wp\/v2\/media?parent=4758"}],"wp:term":[{"taxonomy":"product_brand","embeddable":true,"href":"https:\/\/sibihats.com\/tr\/wp-json\/wp\/v2\/product_brand?post=4758"},{"taxonomy":"product_cat","embeddable":true,"href":"https:\/\/sibihats.com\/tr\/wp-json\/wp\/v2\/product_cat?post=4758"},{"taxonomy":"product_tag","embeddable":true,"href":"https:\/\/sibihats.com\/tr\/wp-json\/wp\/v2\/product_tag?post=4758"}],"curies":[{"name":"wp","href":"https:\/\/api.w.org\/{rel}","templated":true}]}}