{"id":4730,"date":"2022-06-07T11:58:46","date_gmt":"2022-06-07T08:58:46","guid":{"rendered":"https:\/\/sibihats.com\/?post_type=product&#038;p=4730"},"modified":"2026-04-23T18:29:51","modified_gmt":"2026-04-23T15:29:51","slug":"katia-visca-straw-fedora-2","status":"publish","type":"product","link":"https:\/\/sibihats.com\/tr\/product\/katia-visca-straw-fedora-2\/","title":{"rendered":"KATIA &#8211; Green Straw Fedora Hat"},"content":{"rendered":"<p>YE\u015e\u0130L<\/p>\n<p>Visca Straw<\/p>\n<p>Fully Handmade<\/p>\n<p><em>\u2022 Delivery time 4-9 days.<\/em><br \/>\n<em>\u2022 Adjustable Size.<\/em><br \/>\n<em>- \u00d6zel sorular\u0131n\u0131z i\u00e7in l\u00fctfen <a href=\"https:\/\/sibihats.com\/tr\/iletisim\/?v=ea5ee3073194\">Bize ula\u015f\u0131n.<\/a><\/em><br \/>\n<em>- SIBI \u015fapka kutusu i\u00e7inde gelir.<\/em><\/p>","protected":false},"excerpt":{"rendered":"<p>Serve some serious vibes in this luxurious hat. The simplistic yet elegant design, unusual wavy brim, and the classic fedora crown making it just unique enough. Crafted from luxurious Visca Straw with silky feeling&#8230;<\/p>\n<p>&nbsp;<\/p>","protected":false},"featured_media":4731,"template":"","meta":[],"product_brand":[],"product_cat":[327],"product_tag":[],"class_list":{"0":"post-4730","1":"product","2":"type-product","3":"status-publish","4":"has-post-thumbnail","6":"product_cat-straw-hats","8":"first","9":"onbackorder","10":"purchasable","11":"product-type-simple"},"jetpack_sharing_enabled":true,"_links":{"self":[{"href":"https:\/\/sibihats.com\/tr\/wp-json\/wp\/v2\/product\/4730","targetHints":{"allow":["GET"]}}],"collection":[{"href":"https:\/\/sibihats.com\/tr\/wp-json\/wp\/v2\/product"}],"about":[{"href":"https:\/\/sibihats.com\/tr\/wp-json\/wp\/v2\/types\/product"}],"wp:featuredmedia":[{"embeddable":true,"href":"https:\/\/sibihats.com\/tr\/wp-json\/wp\/v2\/media\/4731"}],"wp:attachment":[{"href":"https:\/\/sibihats.com\/tr\/wp-json\/wp\/v2\/media?parent=4730"}],"wp:term":[{"taxonomy":"product_brand","embeddable":true,"href":"https:\/\/sibihats.com\/tr\/wp-json\/wp\/v2\/product_brand?post=4730"},{"taxonomy":"product_cat","embeddable":true,"href":"https:\/\/sibihats.com\/tr\/wp-json\/wp\/v2\/product_cat?post=4730"},{"taxonomy":"product_tag","embeddable":true,"href":"https:\/\/sibihats.com\/tr\/wp-json\/wp\/v2\/product_tag?post=4730"}],"curies":[{"name":"wp","href":"https:\/\/api.w.org\/{rel}","templated":true}]}}