{"id":4728,"date":"2022-06-07T11:53:03","date_gmt":"2022-06-07T08:53:03","guid":{"rendered":"https:\/\/sibihats.com\/?post_type=product&#038;p=4728"},"modified":"2025-02-14T09:34:56","modified_gmt":"2025-02-14T06:34:56","slug":"carmen-beret-3","status":"publish","type":"product","link":"https:\/\/sibihats.com\/tr\/product\/carmen-beret-3\/","title":{"rendered":"CARMEN &#8211; Black Sequin Beret Hat"},"content":{"rendered":"<p>Wearing a beret hat is an immediate way to tell everyone that you know style. This sequin French-style black beret is a strong addition to your outfit that shows that you have a true high-class fashion style in you.<br \/>\nMade of the finest size sequined fabric this extra elegant piece is suitable for evening\/party outfits and daywear outfits as well when combine with a casual t-shirt and jeans.<\/p>\n<p>&nbsp;<\/p>\n<p>S\u0130YAH<br \/>\nTamamen el yap\u0131m\u0131<\/p>\n<p><em>- Teslimat s\u00fcresi 2-6 g\u00fcn.<\/em><br \/>\n<em>\u2022 Adjustable size.<\/em><\/p>\n<p><em>\u2022 Comes in a SIBI hatbox.<\/em><br \/>\n<em>- \u00d6zel sorular\u0131n\u0131z i\u00e7in l\u00fctfen <a href=\"https:\/\/sibihats.com\/tr\/iletisim\/?v=ea5ee3073194\">Bize ula\u015f\u0131n.<\/a><\/em><\/p>","protected":false},"excerpt":{"rendered":"<p>Wearing a beret hat is an immediate way to tell everyone that you know style. This sequin French-style black beret is a strong addition to your outfit that shows that you have a true high-class fashion style in you. Made of the finest size sequined fabric this extra elegant piece is suitable for evening\/party outfits [&#8230;]\n","protected":false},"featured_media":4504,"template":"","meta":[],"product_brand":[],"product_cat":[353,350],"product_tag":[],"class_list":{"0":"post-4728","1":"product","2":"type-product","3":"status-publish","4":"has-post-thumbnail","6":"product_cat-resort","7":"product_cat-sale","9":"first","10":"instock","11":"sale","12":"purchasable","13":"product-type-simple"},"jetpack_sharing_enabled":true,"_links":{"self":[{"href":"https:\/\/sibihats.com\/tr\/wp-json\/wp\/v2\/product\/4728","targetHints":{"allow":["GET"]}}],"collection":[{"href":"https:\/\/sibihats.com\/tr\/wp-json\/wp\/v2\/product"}],"about":[{"href":"https:\/\/sibihats.com\/tr\/wp-json\/wp\/v2\/types\/product"}],"wp:featuredmedia":[{"embeddable":true,"href":"https:\/\/sibihats.com\/tr\/wp-json\/wp\/v2\/media\/4504"}],"wp:attachment":[{"href":"https:\/\/sibihats.com\/tr\/wp-json\/wp\/v2\/media?parent=4728"}],"wp:term":[{"taxonomy":"product_brand","embeddable":true,"href":"https:\/\/sibihats.com\/tr\/wp-json\/wp\/v2\/product_brand?post=4728"},{"taxonomy":"product_cat","embeddable":true,"href":"https:\/\/sibihats.com\/tr\/wp-json\/wp\/v2\/product_cat?post=4728"},{"taxonomy":"product_tag","embeddable":true,"href":"https:\/\/sibihats.com\/tr\/wp-json\/wp\/v2\/product_tag?post=4728"}],"curies":[{"name":"wp","href":"https:\/\/api.w.org\/{rel}","templated":true}]}}