{"id":4697,"date":"2022-05-26T15:42:38","date_gmt":"2022-05-26T12:42:38","guid":{"rendered":"https:\/\/shop.sibihats.com\/?post_type=product&#038;p=4697"},"modified":"2025-11-08T14:10:24","modified_gmt":"2025-11-08T11:10:24","slug":"double-trouble","status":"publish","type":"product","link":"https:\/\/sibihats.com\/tr\/product\/double-trouble\/","title":{"rendered":"DOUBLE TROUBLE &#8211; Straw Hat"},"content":{"rendered":"<p>This hat clearly deserves its name, and clear spot in your wardrobe. The simplistic yet elegant design making it just unique enough while remaining classic.<\/p>\n<p>BLACK\/NATURAL<\/p>\n<p>Raffia Straw Crown<br \/>\nVisca Straw Brim<\/p>\n<p>Fully Handmade<\/p>\n<p><em>\u2022 Delivery time 4-9 days.<\/em><br \/>\n<em>\u2022 Adjustable Size.<\/em><br \/>\n<em>- \u00d6zel sorular\u0131n\u0131z i\u00e7in l\u00fctfen <a href=\"https:\/\/sibihats.com\/tr\/iletisim\/?v=ea5ee3073194\">Bize ula\u015f\u0131n.<\/a><\/em><br \/>\n<em>- SIBI \u015fapka kutusu i\u00e7inde gelir.<\/em><\/p>","protected":false},"excerpt":{"rendered":"<p>This hat clearly deserves its name, and clear spot in your wardrobe. The simplistic yet elegant design making it just unique enough while remaining classic. BLACK\/NATURAL Raffia Straw Crown Visca Straw Brim Fully Handmade \u2022 Delivery time 4-9 days. \u2022 Adjustable Size. \u2022 For special inquiries please contact us. \u2022 Comes in SIBI hatbox.<\/p>","protected":false},"featured_media":4699,"template":"","meta":[],"product_brand":[],"product_cat":[327],"product_tag":[],"class_list":{"0":"post-4697","1":"product","2":"type-product","3":"status-publish","4":"has-post-thumbnail","6":"product_cat-straw-hats","8":"first","9":"onbackorder","10":"purchasable","11":"product-type-simple"},"jetpack_sharing_enabled":true,"_links":{"self":[{"href":"https:\/\/sibihats.com\/tr\/wp-json\/wp\/v2\/product\/4697","targetHints":{"allow":["GET"]}}],"collection":[{"href":"https:\/\/sibihats.com\/tr\/wp-json\/wp\/v2\/product"}],"about":[{"href":"https:\/\/sibihats.com\/tr\/wp-json\/wp\/v2\/types\/product"}],"wp:featuredmedia":[{"embeddable":true,"href":"https:\/\/sibihats.com\/tr\/wp-json\/wp\/v2\/media\/4699"}],"wp:attachment":[{"href":"https:\/\/sibihats.com\/tr\/wp-json\/wp\/v2\/media?parent=4697"}],"wp:term":[{"taxonomy":"product_brand","embeddable":true,"href":"https:\/\/sibihats.com\/tr\/wp-json\/wp\/v2\/product_brand?post=4697"},{"taxonomy":"product_cat","embeddable":true,"href":"https:\/\/sibihats.com\/tr\/wp-json\/wp\/v2\/product_cat?post=4697"},{"taxonomy":"product_tag","embeddable":true,"href":"https:\/\/sibihats.com\/tr\/wp-json\/wp\/v2\/product_tag?post=4697"}],"curies":[{"name":"wp","href":"https:\/\/api.w.org\/{rel}","templated":true}]}}