{"id":4630,"date":"2022-04-01T07:22:44","date_gmt":"2022-04-01T04:22:44","guid":{"rendered":"https:\/\/shop.sibihats.com\/?post_type=product&#038;p=4630"},"modified":"2025-02-14T15:10:24","modified_gmt":"2025-02-14T12:10:24","slug":"funtastic","status":"publish","type":"product","link":"https:\/\/sibihats.com\/tr\/product\/funtastic\/","title":{"rendered":"FUNTASTIC Boater"},"content":{"rendered":"<p>Boater hats remain one of the key style trends for women and have become a &#8220;must-have&#8221; for any event. This lightweight boater was crafted from natural raffia straw, and trimmed with vintage woven ribbon.<\/p>\n<p>NATURAL<\/p>\n<p>Raffia Straw<br \/>\nTamamen el yap\u0131m\u0131<\/p>\n<p><em>\u2022 Delivery time 2-9 days.<\/em><br \/>\n<em>\u2022 Adjustable Size.<\/em><br \/>\n<em>- \u00d6zel sorular\u0131n\u0131z i\u00e7in l\u00fctfen <a href=\"https:\/\/sibihats.com\/tr\/iletisim\/?v=ea5ee3073194\">Bize ula\u015f\u0131n.<\/a><\/em><br \/>\n<em>- SIBI \u015fapka kutusu i\u00e7inde gelir.<\/em><\/p>","protected":false},"excerpt":{"rendered":"<p>Boater hats remain one of the key style trends for women and have become a &#8220;must-have&#8221; for any event. This lightweight boater was crafted from natural raffia straw, and trimmed with vintage woven ribbon. NATURAL Raffia Straw Fully handmade \u2022 Delivery time 2-9 days. \u2022 Adjustable Size. \u2022 For special inquiries please contact us. \u2022 [&#8230;]\n","protected":false},"featured_media":4631,"template":"","meta":[],"product_brand":[],"product_cat":[327],"product_tag":[],"class_list":{"0":"post-4630","1":"product","2":"type-product","3":"status-publish","4":"has-post-thumbnail","6":"product_cat-straw-hats","8":"first","9":"onbackorder","10":"purchasable","11":"product-type-simple"},"jetpack_sharing_enabled":true,"_links":{"self":[{"href":"https:\/\/sibihats.com\/tr\/wp-json\/wp\/v2\/product\/4630","targetHints":{"allow":["GET"]}}],"collection":[{"href":"https:\/\/sibihats.com\/tr\/wp-json\/wp\/v2\/product"}],"about":[{"href":"https:\/\/sibihats.com\/tr\/wp-json\/wp\/v2\/types\/product"}],"wp:featuredmedia":[{"embeddable":true,"href":"https:\/\/sibihats.com\/tr\/wp-json\/wp\/v2\/media\/4631"}],"wp:attachment":[{"href":"https:\/\/sibihats.com\/tr\/wp-json\/wp\/v2\/media?parent=4630"}],"wp:term":[{"taxonomy":"product_brand","embeddable":true,"href":"https:\/\/sibihats.com\/tr\/wp-json\/wp\/v2\/product_brand?post=4630"},{"taxonomy":"product_cat","embeddable":true,"href":"https:\/\/sibihats.com\/tr\/wp-json\/wp\/v2\/product_cat?post=4630"},{"taxonomy":"product_tag","embeddable":true,"href":"https:\/\/sibihats.com\/tr\/wp-json\/wp\/v2\/product_tag?post=4630"}],"curies":[{"name":"wp","href":"https:\/\/api.w.org\/{rel}","templated":true}]}}