{"id":4606,"date":"2022-02-11T15:03:35","date_gmt":"2022-02-11T12:03:35","guid":{"rendered":"https:\/\/shop.sibihats.com\/?post_type=product&#038;p=4606"},"modified":"2024-10-07T18:13:23","modified_gmt":"2024-10-07T15:13:23","slug":"chester-pompom-hat-2","status":"publish","type":"product","link":"https:\/\/sibihats.com\/tr\/product\/chester-pompom-hat-2\/","title":{"rendered":"CHESTER &#8211; Red Tartan Hat"},"content":{"rendered":"<p>Extra funky tartan beret, decorated with white pompom.<\/p>\n<p>MULTICOLOR<br \/>\nTamamen el yap\u0131m\u0131<\/p>\n<p><em>- Tek beden.<\/em><br \/>\n<em>\u2022 Delivery time 3-5 days.<\/em><br \/>\n<em>\u2022 Dry cleaning only.<br \/>\n<\/em><em>- \u00d6zel sorular\u0131n\u0131z i\u00e7in l\u00fctfen <a href=\"https:\/\/sibihats.com\/tr\/iletisim\/?v=ea5ee3073194\">Bize ula\u015f\u0131n<\/a><\/em><\/p>","protected":false},"excerpt":{"rendered":"<p>Extra funky tartan beret, decorated with white pompom. MULTICOLOR Fully handmade \u2022 One size. \u2022 Delivery time 3-5 days. \u2022 Dry cleaning only. \u2022 For special inquiries please contact us<\/p>","protected":false},"featured_media":4600,"template":"","meta":[],"product_brand":[],"product_cat":[350],"product_tag":[],"class_list":{"0":"post-4606","1":"product","2":"type-product","3":"status-publish","4":"has-post-thumbnail","6":"product_cat-sale","8":"first","9":"instock","10":"sale","11":"purchasable","12":"product-type-simple"},"jetpack_sharing_enabled":true,"_links":{"self":[{"href":"https:\/\/sibihats.com\/tr\/wp-json\/wp\/v2\/product\/4606","targetHints":{"allow":["GET"]}}],"collection":[{"href":"https:\/\/sibihats.com\/tr\/wp-json\/wp\/v2\/product"}],"about":[{"href":"https:\/\/sibihats.com\/tr\/wp-json\/wp\/v2\/types\/product"}],"wp:featuredmedia":[{"embeddable":true,"href":"https:\/\/sibihats.com\/tr\/wp-json\/wp\/v2\/media\/4600"}],"wp:attachment":[{"href":"https:\/\/sibihats.com\/tr\/wp-json\/wp\/v2\/media?parent=4606"}],"wp:term":[{"taxonomy":"product_brand","embeddable":true,"href":"https:\/\/sibihats.com\/tr\/wp-json\/wp\/v2\/product_brand?post=4606"},{"taxonomy":"product_cat","embeddable":true,"href":"https:\/\/sibihats.com\/tr\/wp-json\/wp\/v2\/product_cat?post=4606"},{"taxonomy":"product_tag","embeddable":true,"href":"https:\/\/sibihats.com\/tr\/wp-json\/wp\/v2\/product_tag?post=4606"}],"curies":[{"name":"wp","href":"https:\/\/api.w.org\/{rel}","templated":true}]}}